{"id":1514,"date":"2024-09-20T14:49:38","date_gmt":"2024-09-20T14:49:38","guid":{"rendered":"https:\/\/auradivina.es\/?page_id=1514"},"modified":"2024-09-20T14:55:22","modified_gmt":"2024-09-20T14:55:22","slug":"accesibilidad","status":"publish","type":"page","link":"https:\/\/auradivina.es\/en\/accesibilidad\/","title":{"rendered":"Accessibility"},"content":{"rendered":"<div data-elementor-type=\"wp-page\" data-elementor-id=\"1514\" class=\"elementor elementor-1514\" data-elementor-post-type=\"page\">\n\t\t\t\t\t\t<section class=\"elementor-section elementor-top-section elementor-element elementor-element-809171a elementor-section-content-middle elementor-section-boxed elementor-section-height-default elementor-section-height-default\" data-id=\"809171a\" data-element_type=\"section\" data-e-type=\"section\" data-settings=\"{&quot;background_background&quot;:&quot;gradient&quot;}\">\n\t\t\t\t\t\t\t<div class=\"elementor-background-overlay\"><\/div>\n\t\t\t\t\t\t\t<div class=\"elementor-container elementor-column-gap-no\">\n\t\t\t\t\t<div class=\"elementor-column elementor-col-100 elementor-top-column elementor-element elementor-element-6049feaa\" data-id=\"6049feaa\" data-element_type=\"column\" data-e-type=\"column\">\n\t\t\t<div class=\"elementor-widget-wrap elementor-element-populated\">\n\t\t\t\t\t\t\t<\/div>\n\t\t<\/div>\n\t\t\t\t\t<\/div>\n\t\t<\/section>\n\t\t\t\t<section class=\"elementor-section elementor-top-section elementor-element elementor-element-769de10 elementor-section-boxed elementor-section-height-default elementor-section-height-default\" data-id=\"769de10\" data-element_type=\"section\" data-e-type=\"section\" data-settings=\"{&quot;background_background&quot;:&quot;gradient&quot;}\">\n\t\t\t\t\t\t<div class=\"elementor-container elementor-column-gap-no\">\n\t\t\t\t\t<div class=\"elementor-column elementor-col-100 elementor-top-column elementor-element elementor-element-8e304ec\" data-id=\"8e304ec\" data-element_type=\"column\" data-e-type=\"column\">\n\t\t\t<div class=\"elementor-widget-wrap elementor-element-populated\">\n\t\t\t\t\t\t<div class=\"elementor-element elementor-element-ca484f6 elementor-widget elementor-widget-text-editor\" data-id=\"ca484f6\" data-element_type=\"widget\" data-e-type=\"widget\" data-widget_type=\"text-editor.default\">\n\t\t\t\t<div class=\"elementor-widget-container\">\n\t\t\t\t\t\t\t\t\t<p>En AURA DIVINA nos hemos marcado como objetivo prioritario que todas las personas, con independencia de su discapacidad, edad o de la tecnolog\u00eda utilizada, puedan navegar por nuestra p\u00e1gina web sin encontrar dificultades de acceso.<\/p><p>Con este prop\u00f3sito, el desarrollo de la web de AURA DIVINA se ha basado en el cumplimiento de las Pautas de Accesibilidad al Contenido en la Web 2.0 establecidas por el W3C (Consorcio de la World Wide Web).\u00a0<\/p><p>Estas pautas tambi\u00e9n constituyen el n\u00facleo de est\u00e1ndares como ISO\/IEC 40500 o la norma UNE 139803:2012.<\/p><p>Algunas de las funcionalidades implementadas para permitirte acceder a todos los contenidos de la web de AURA DIVINA con mayor facilidad son:<\/p><p>Las caracter\u00edsticas visuales de la p\u00e1gina web (tipo de letra, color de fuente y fondo, etc.) se definen mediante la hoja de estilos para que el usuario pueda ajustar el texto a sus preferencias.<\/p><p>Los tama\u00f1os de las fuentes se han definido con unidades relativas para que puedas ampliar o disminuir el tama\u00f1o de la fuente desde las opciones del navegador.<\/p><p>Si un usuario accede a www.auradivina.es con un navegador que no soporta hoja de estilos no supondr\u00e1 una dificultad, ya que de igual manera se puede acceder a todos los contenidos con la CSS desactivada.<\/p><p>Las p\u00e1ginas tienen una estructura clara tanto para el usuario que puede ver todo el contenido como para el que lee la informaci\u00f3n empleando sistemas de apoyo como un lector de pantalla, usuarios que desactivan la hoja de estilos, etc. Bajo este objetivo, se han definido mediante el c\u00f3digo HTML los encabezados de secci\u00f3n, las listas y todos los elementos que ayudan a la comprensi\u00f3n general del sitio web.<\/p><p>El c\u00f3digo HTML y CSS empleado se ajusta a las gram\u00e1ticas formales para garantizar la correcta visualizaci\u00f3n de los contenidos en distintos navegadores.<\/p><p>El sitio web est\u00e1 dise\u00f1ado para que los usuarios puedan realizar una navegaci\u00f3n en alto contraste que permite distinguir entre un enlace y texto que no lo es. A excepci\u00f3n de todos aquellos enlaces que puedan ser deducidos por el contexto (men\u00fas, listas, etc.).<\/p><p>Incluye textos descriptivos en el atributo \u00abALT\u00bb para todas las im\u00e1genes de todas las p\u00e1ginas.<\/p><p>No obstante, si encuentras alguna dificultad en el acceso a la informaci\u00f3n contenida en la web de AURA DIVINA o tienes cualquier sugerencia o consulta en relaci\u00f3n con la accesibilidad, no dudes en contactar con nosotros a trav\u00e9s del correo electr\u00f3nico\u00a0info@auradivina.com<\/p>\t\t\t\t\t\t\t\t<\/div>\n\t\t\t\t<\/div>\n\t\t\t\t\t<\/div>\n\t\t<\/div>\n\t\t\t\t\t<\/div>\n\t\t<\/section>\n\t\t\t\t<\/div>","protected":false},"excerpt":{"rendered":"<p>En AURA DIVINA nos hemos marcado como objetivo prioritario que todas las personas, con independencia de su discapacidad, edad o de la tecnolog\u00eda utilizada, puedan navegar por nuestra p\u00e1gina web sin encontrar dificultades de acceso. Con este prop\u00f3sito, el desarrollo de la web de AURA DIVINA se ha basado en el cumplimiento de las Pautas [&hellip;]<\/p>\n","protected":false},"author":1,"featured_media":0,"parent":0,"menu_order":0,"comment_status":"closed","ping_status":"closed","template":"","meta":{"_joinchat":[],"footnotes":""},"class_list":["post-1514","page","type-page","status-publish","hentry"],"yoast_head":"<!-- This site is optimized with the Yoast SEO plugin v27.3 - https:\/\/yoast.com\/product\/yoast-seo-wordpress\/ -->\n<title>Accesibilidad - Aura Divina<\/title>\n<meta name=\"robots\" content=\"index, follow, max-snippet:-1, max-image-preview:large, max-video-preview:-1\" \/>\n<link rel=\"canonical\" href=\"https:\/\/auradivina.es\/en\/accesibilidad\/\" \/>\n<meta property=\"og:locale\" content=\"en_US\" \/>\n<meta property=\"og:type\" content=\"article\" \/>\n<meta property=\"og:title\" content=\"Accesibilidad - Aura Divina\" \/>\n<meta property=\"og:description\" content=\"En AURA DIVINA nos hemos marcado como objetivo prioritario que todas las personas, con independencia de su discapacidad, edad o de la tecnolog\u00eda utilizada, puedan navegar por nuestra p\u00e1gina web sin encontrar dificultades de acceso. Con este prop\u00f3sito, el desarrollo de la web de AURA DIVINA se ha basado en el cumplimiento de las Pautas [&hellip;]\" \/>\n<meta property=\"og:url\" content=\"https:\/\/auradivina.es\/en\/accesibilidad\/\" \/>\n<meta property=\"og:site_name\" content=\"Aura Divina\" \/>\n<meta property=\"article:modified_time\" content=\"2024-09-20T14:55:22+00:00\" \/>\n<meta property=\"og:image\" content=\"https:\/\/auradivina.es\/wp-content\/uploads\/2024\/09\/cropped-12.png\" \/>\n\t<meta property=\"og:image:width\" content=\"512\" \/>\n\t<meta property=\"og:image:height\" content=\"512\" \/>\n\t<meta property=\"og:image:type\" content=\"image\/png\" \/>\n<meta name=\"twitter:card\" content=\"summary_large_image\" \/>\n<meta name=\"twitter:label1\" content=\"Est. reading time\" \/>\n\t<meta name=\"twitter:data1\" content=\"2 minutes\" \/>\n<script type=\"application\/ld+json\" class=\"yoast-schema-graph\">{\"@context\":\"https:\\\/\\\/schema.org\",\"@graph\":[{\"@type\":\"WebPage\",\"@id\":\"https:\\\/\\\/auradivina.es\\\/accesibilidad\\\/\",\"url\":\"https:\\\/\\\/auradivina.es\\\/accesibilidad\\\/\",\"name\":\"Accesibilidad - Aura Divina\",\"isPartOf\":{\"@id\":\"https:\\\/\\\/auradivina.es\\\/#website\"},\"datePublished\":\"2024-09-20T14:49:38+00:00\",\"dateModified\":\"2024-09-20T14:55:22+00:00\",\"breadcrumb\":{\"@id\":\"https:\\\/\\\/auradivina.es\\\/accesibilidad\\\/#breadcrumb\"},\"inLanguage\":\"en-US\",\"potentialAction\":[{\"@type\":\"ReadAction\",\"target\":[\"https:\\\/\\\/auradivina.es\\\/accesibilidad\\\/\"]}]},{\"@type\":\"BreadcrumbList\",\"@id\":\"https:\\\/\\\/auradivina.es\\\/accesibilidad\\\/#breadcrumb\",\"itemListElement\":[{\"@type\":\"ListItem\",\"position\":1,\"name\":\"Portada\",\"item\":\"https:\\\/\\\/auradivina.es\\\/\"},{\"@type\":\"ListItem\",\"position\":2,\"name\":\"Accesibilidad\"}]},{\"@type\":\"WebSite\",\"@id\":\"https:\\\/\\\/auradivina.es\\\/#website\",\"url\":\"https:\\\/\\\/auradivina.es\\\/\",\"name\":\"Aura Divina\",\"description\":\"\",\"publisher\":{\"@id\":\"https:\\\/\\\/auradivina.es\\\/#organization\"},\"potentialAction\":[{\"@type\":\"SearchAction\",\"target\":{\"@type\":\"EntryPoint\",\"urlTemplate\":\"https:\\\/\\\/auradivina.es\\\/?s={search_term_string}\"},\"query-input\":{\"@type\":\"PropertyValueSpecification\",\"valueRequired\":true,\"valueName\":\"search_term_string\"}}],\"inLanguage\":\"en-US\"},{\"@type\":\"Organization\",\"@id\":\"https:\\\/\\\/auradivina.es\\\/#organization\",\"name\":\"Aura Divina\",\"url\":\"https:\\\/\\\/auradivina.es\\\/\",\"logo\":{\"@type\":\"ImageObject\",\"inLanguage\":\"en-US\",\"@id\":\"https:\\\/\\\/auradivina.es\\\/#\\\/schema\\\/logo\\\/image\\\/\",\"url\":\"https:\\\/\\\/auradivina.es\\\/wp-content\\\/uploads\\\/2024\\\/09\\\/Sin-titulo-1.png\",\"contentUrl\":\"https:\\\/\\\/auradivina.es\\\/wp-content\\\/uploads\\\/2024\\\/09\\\/Sin-titulo-1.png\",\"width\":873,\"height\":225,\"caption\":\"Aura Divina\"},\"image\":{\"@id\":\"https:\\\/\\\/auradivina.es\\\/#\\\/schema\\\/logo\\\/image\\\/\"},\"sameAs\":[\"https:\\\/\\\/www.instagram.com\\\/zulemagic\",\"https:\\\/\\\/www.tiktok.com\\\/@zulemagic\"]}]}<\/script>\n<!-- \/ Yoast SEO plugin. -->","yoast_head_json":{"title":"Accesibilidad - Aura Divina","robots":{"index":"index","follow":"follow","max-snippet":"max-snippet:-1","max-image-preview":"max-image-preview:large","max-video-preview":"max-video-preview:-1"},"canonical":"https:\/\/auradivina.es\/en\/accesibilidad\/","og_locale":"en_US","og_type":"article","og_title":"Accesibilidad - Aura Divina","og_description":"En AURA DIVINA nos hemos marcado como objetivo prioritario que todas las personas, con independencia de su discapacidad, edad o de la tecnolog\u00eda utilizada, puedan navegar por nuestra p\u00e1gina web sin encontrar dificultades de acceso. Con este prop\u00f3sito, el desarrollo de la web de AURA DIVINA se ha basado en el cumplimiento de las Pautas [&hellip;]","og_url":"https:\/\/auradivina.es\/en\/accesibilidad\/","og_site_name":"Aura Divina","article_modified_time":"2024-09-20T14:55:22+00:00","og_image":[{"width":512,"height":512,"url":"https:\/\/auradivina.es\/wp-content\/uploads\/2024\/09\/cropped-12.png","type":"image\/png"}],"twitter_card":"summary_large_image","twitter_misc":{"Est. reading time":"2 minutes"},"schema":{"@context":"https:\/\/schema.org","@graph":[{"@type":"WebPage","@id":"https:\/\/auradivina.es\/accesibilidad\/","url":"https:\/\/auradivina.es\/accesibilidad\/","name":"Accesibilidad - Aura Divina","isPartOf":{"@id":"https:\/\/auradivina.es\/#website"},"datePublished":"2024-09-20T14:49:38+00:00","dateModified":"2024-09-20T14:55:22+00:00","breadcrumb":{"@id":"https:\/\/auradivina.es\/accesibilidad\/#breadcrumb"},"inLanguage":"en-US","potentialAction":[{"@type":"ReadAction","target":["https:\/\/auradivina.es\/accesibilidad\/"]}]},{"@type":"BreadcrumbList","@id":"https:\/\/auradivina.es\/accesibilidad\/#breadcrumb","itemListElement":[{"@type":"ListItem","position":1,"name":"Portada","item":"https:\/\/auradivina.es\/"},{"@type":"ListItem","position":2,"name":"Accesibilidad"}]},{"@type":"WebSite","@id":"https:\/\/auradivina.es\/#website","url":"https:\/\/auradivina.es\/","name":"Aura Divine","description":"","publisher":{"@id":"https:\/\/auradivina.es\/#organization"},"potentialAction":[{"@type":"SearchAction","target":{"@type":"EntryPoint","urlTemplate":"https:\/\/auradivina.es\/?s={search_term_string}"},"query-input":{"@type":"PropertyValueSpecification","valueRequired":true,"valueName":"search_term_string"}}],"inLanguage":"en-US"},{"@type":"Organization","@id":"https:\/\/auradivina.es\/#organization","name":"Aura Divine","url":"https:\/\/auradivina.es\/","logo":{"@type":"ImageObject","inLanguage":"en-US","@id":"https:\/\/auradivina.es\/#\/schema\/logo\/image\/","url":"https:\/\/auradivina.es\/wp-content\/uploads\/2024\/09\/Sin-titulo-1.png","contentUrl":"https:\/\/auradivina.es\/wp-content\/uploads\/2024\/09\/Sin-titulo-1.png","width":873,"height":225,"caption":"Aura Divina"},"image":{"@id":"https:\/\/auradivina.es\/#\/schema\/logo\/image\/"},"sameAs":["https:\/\/www.instagram.com\/zulemagic","https:\/\/www.tiktok.com\/@zulemagic"]}]}},"_links":{"self":[{"href":"https:\/\/auradivina.es\/en\/wp-json\/wp\/v2\/pages\/1514","targetHints":{"allow":["GET"]}}],"collection":[{"href":"https:\/\/auradivina.es\/en\/wp-json\/wp\/v2\/pages"}],"about":[{"href":"https:\/\/auradivina.es\/en\/wp-json\/wp\/v2\/types\/page"}],"author":[{"embeddable":true,"href":"https:\/\/auradivina.es\/en\/wp-json\/wp\/v2\/users\/1"}],"replies":[{"embeddable":true,"href":"https:\/\/auradivina.es\/en\/wp-json\/wp\/v2\/comments?post=1514"}],"version-history":[{"count":4,"href":"https:\/\/auradivina.es\/en\/wp-json\/wp\/v2\/pages\/1514\/revisions"}],"predecessor-version":[{"id":1532,"href":"https:\/\/auradivina.es\/en\/wp-json\/wp\/v2\/pages\/1514\/revisions\/1532"}],"wp:attachment":[{"href":"https:\/\/auradivina.es\/en\/wp-json\/wp\/v2\/media?parent=1514"}],"curies":[{"name":"wp","href":"https:\/\/api.w.org\/{rel}","templated":true}]}}