{"id":721,"date":"2024-09-17T20:41:40","date_gmt":"2024-09-17T20:41:40","guid":{"rendered":"https:\/\/auradivina.es\/?page_id=721"},"modified":"2025-03-12T14:54:31","modified_gmt":"2025-03-12T15:54:31","slug":"servicios-esotericos","status":"publish","type":"page","link":"https:\/\/auradivina.es\/en\/servicios-esotericos\/","title":{"rendered":"Servicios Esot\u00e9ricos"},"content":{"rendered":"<div data-elementor-type=\"wp-page\" data-elementor-id=\"721\" class=\"elementor elementor-721\" data-elementor-post-type=\"page\">\n\t\t\t\t\t\t<section class=\"elementor-section elementor-top-section elementor-element elementor-element-eb3e020 elementor-section-content-middle elementor-section-boxed elementor-section-height-default elementor-section-height-default\" data-id=\"eb3e020\" data-element_type=\"section\" data-e-type=\"section\" data-settings=\"{&quot;background_background&quot;:&quot;gradient&quot;}\">\n\t\t\t\t\t\t\t<div class=\"elementor-background-overlay\"><\/div>\n\t\t\t\t\t\t\t<div class=\"elementor-container elementor-column-gap-no\">\n\t\t\t\t\t<div class=\"elementor-column elementor-col-100 elementor-top-column elementor-element elementor-element-bfb6ccf\" data-id=\"bfb6ccf\" data-element_type=\"column\" data-e-type=\"column\">\n\t\t\t<div class=\"elementor-widget-wrap elementor-element-populated\">\n\t\t\t\t\t\t<div class=\"elementor-element elementor-element-0175d17 elementor-widget elementor-widget-text-editor\" data-id=\"0175d17\" data-element_type=\"widget\" data-e-type=\"widget\" data-widget_type=\"text-editor.default\">\n\t\t\t\t<div class=\"elementor-widget-container\">\n\t\t\t\t\t\t\t\t\t<p>Productos esot\u00e9ricos y herramientas espirituales seleccionados para elevar tu energ\u00eda y bienestar.<\/p>\t\t\t\t\t\t\t\t<\/div>\n\t\t\t\t<\/div>\n\t\t\t\t\t<\/div>\n\t\t<\/div>\n\t\t\t\t\t<\/div>\n\t\t<\/section>\n\t\t\t\t<section class=\"elementor-section elementor-top-section elementor-element elementor-element-a586b90 elementor-section-boxed elementor-section-height-default elementor-section-height-default\" data-id=\"a586b90\" data-element_type=\"section\" data-e-type=\"section\">\n\t\t\t\t\t\t<div class=\"elementor-container elementor-column-gap-default\">\n\t\t\t\t\t<div class=\"elementor-column elementor-col-50 elementor-top-column elementor-element elementor-element-a8664c8\" data-id=\"a8664c8\" data-element_type=\"column\" data-e-type=\"column\">\n\t\t\t<div class=\"elementor-widget-wrap elementor-element-populated\">\n\t\t\t\t\t\t<div class=\"elementor-element elementor-element-4a8b788 elementor-widget elementor-widget-sidebar\" data-id=\"4a8b788\" data-element_type=\"widget\" data-e-type=\"widget\" data-widget_type=\"sidebar.default\">\n\t\t\t\t<div class=\"elementor-widget-container\">\n\t\t\t\t\t<div class=\"widget sidebar-blog\"><div data-block-name=\"woocommerce\/product-categories\" class=\"wp-block-woocommerce-product-categories wc-block-product-categories is-list\" style=\"\"><ul class=\"wc-block-product-categories-list wc-block-product-categories-list--depth-0\">\t\t\t\t<li class=\"wc-block-product-categories-list-item\">\t\t\t\t\t<a style=\"\" href=\"https:\/\/auradivina.es\/en\/product-category\/otros\/\"><span class=\"wc-block-product-categories-list-item__name\">Otros<\/span><\/a><span class=\"wc-block-product-categories-list-item-count\"><span aria-hidden=\"true\">1<\/span><span class=\"screen-reader-text\" data-no-translation=\"\" data-trp-gettext=\"\">1 product<\/span><\/span>\t\t\t\t<\/li>\t\t\t\t\t\t\t<li class=\"wc-block-product-categories-list-item\">\t\t\t\t\t<a style=\"\" href=\"https:\/\/auradivina.es\/en\/product-category\/apertura-de-caminos\/\"><span class=\"wc-block-product-categories-list-item__name\">Apertura de caminos<\/span><\/a><span class=\"wc-block-product-categories-list-item-count\"><span aria-hidden=\"true\">11<\/span><span class=\"screen-reader-text\" data-no-translation=\"\" data-trp-gettext=\"\">11 products<\/span><\/span>\t\t\t\t<\/li>\t\t\t\t\t\t\t<li class=\"wc-block-product-categories-list-item\">\t\t\t\t\t<a style=\"\" href=\"https:\/\/auradivina.es\/en\/product-category\/canalizaciones\/\"><span class=\"wc-block-product-categories-list-item__name\">Canalizaciones<\/span><\/a><span class=\"wc-block-product-categories-list-item-count\"><span aria-hidden=\"true\">2<\/span><span class=\"screen-reader-text\" data-no-translation=\"\" data-trp-gettext=\"\">2 products<\/span><\/span>\t\t\t\t<\/li>\t\t\t\t\t\t\t<li class=\"wc-block-product-categories-list-item\">\t\t\t\t\t<a style=\"\" href=\"https:\/\/auradivina.es\/en\/product-category\/carta-astral\/\"><span class=\"wc-block-product-categories-list-item__name\">Carta Astral<\/span><\/a><span class=\"wc-block-product-categories-list-item-count\"><span aria-hidden=\"true\">2<\/span><span class=\"screen-reader-text\" data-no-translation=\"\" data-trp-gettext=\"\">2 products<\/span><\/span>\t\t\t\t<\/li>\t\t\t\t\t\t\t<li class=\"wc-block-product-categories-list-item\">\t\t\t\t\t<a style=\"\" href=\"https:\/\/auradivina.es\/en\/product-category\/lectura-bola-de-cristal\/\"><span class=\"wc-block-product-categories-list-item__name\">Lectura Bola de Cristal<\/span><\/a><span class=\"wc-block-product-categories-list-item-count\"><span aria-hidden=\"true\">1<\/span><span class=\"screen-reader-text\" data-no-translation=\"\" data-trp-gettext=\"\">1 product<\/span><\/span>\t\t\t\t<\/li>\t\t\t\t\t\t\t<li class=\"wc-block-product-categories-list-item\">\t\t\t\t\t<a style=\"\" href=\"https:\/\/auradivina.es\/en\/product-category\/lecturas-de-tarot\/\"><span class=\"wc-block-product-categories-list-item__name\">Lecturas de Tarot<\/span><\/a><span class=\"wc-block-product-categories-list-item-count\"><span aria-hidden=\"true\">7<\/span><span class=\"screen-reader-text\" data-no-translation=\"\" data-trp-gettext=\"\">7 products<\/span><\/span>\t\t\t\t<\/li>\t\t\t\t\t\t\t<li class=\"wc-block-product-categories-list-item\">\t\t\t\t\t<a style=\"\" href=\"https:\/\/auradivina.es\/en\/product-category\/limpiezas-energeticas\/\"><span class=\"wc-block-product-categories-list-item__name\">Limpiezas energ\u00e9ticas<\/span><\/a><span class=\"wc-block-product-categories-list-item-count\"><span aria-hidden=\"true\">5<\/span><span class=\"screen-reader-text\" data-no-translation=\"\" data-trp-gettext=\"\">5 products<\/span><\/span>\t\t\t\t<\/li>\t\t\t\t\t\t\t<li class=\"wc-block-product-categories-list-item\">\t\t\t\t\t<a style=\"\" href=\"https:\/\/auradivina.es\/en\/product-category\/reiki\/\"><span class=\"wc-block-product-categories-list-item__name\">Reiki<\/span><\/a><span class=\"wc-block-product-categories-list-item-count\"><span aria-hidden=\"true\">2<\/span><span class=\"screen-reader-text\" data-no-translation=\"\" data-trp-gettext=\"\">2 products<\/span><\/span>\t\t\t\t<\/li>\t\t\t\t\t\t\t<li class=\"wc-block-product-categories-list-item\">\t\t\t\t\t<a style=\"\" href=\"https:\/\/auradivina.es\/en\/product-category\/veluz-velas-personalizadas\/\"><span class=\"wc-block-product-categories-list-item__name\">Veluz - Velas Personalizadas<\/span><\/a><span class=\"wc-block-product-categories-list-item-count\"><span aria-hidden=\"true\">1<\/span><span class=\"screen-reader-text\" data-no-translation=\"\" data-trp-gettext=\"\">1 product<\/span><\/span>\t\t\t\t<\/li>\t\t\t<\/ul><\/div><\/div>\t\t\t\t<\/div>\n\t\t\t\t<\/div>\n\t\t\t\t\t<\/div>\n\t\t<\/div>\n\t\t\t\t<div class=\"elementor-column elementor-col-50 elementor-top-column elementor-element elementor-element-5124940\" data-id=\"5124940\" data-element_type=\"column\" data-e-type=\"column\">\n\t\t\t<div class=\"elementor-widget-wrap elementor-element-populated\">\n\t\t\t\t\t\t<div class=\"elementor-element elementor-element-cb21457 elementor-products-grid elementor-wc-products elementor-show-pagination-border-yes elementor-widget elementor-widget-wc-archive-products\" data-id=\"cb21457\" data-element_type=\"widget\" data-e-type=\"widget\" data-widget_type=\"wc-archive-products.default\">\n\t\t\t\t<div class=\"elementor-widget-container\">\n\t\t\t\t\t<div class=\"elementor-nothing-found elementor-products-nothing-found\">Parece que no podemos encontrar lo que est\u00e1s buscando.<\/div>\t\t\t\t<\/div>\n\t\t\t\t<\/div>\n\t\t\t\t\t<\/div>\n\t\t<\/div>\n\t\t\t\t\t<\/div>\n\t\t<\/section>\n\t\t\t\t<\/div>","protected":false},"excerpt":{"rendered":"<p>Productos esot\u00e9ricos y herramientas espirituales seleccionados para elevar tu energ\u00eda y bienestar.<\/p>","protected":false},"author":1,"featured_media":1296,"parent":0,"menu_order":0,"comment_status":"closed","ping_status":"closed","template":"","meta":{"_joinchat":[],"footnotes":""},"class_list":["post-721","page","type-page","status-publish","has-post-thumbnail","hentry"],"yoast_head":"<!-- This site is optimized with the Yoast SEO plugin v27.3 - https:\/\/yoast.com\/product\/yoast-seo-wordpress\/ -->\n<title>Servicios Esot\u00e9ricos en Parla - Aura Divina<\/title>\n<meta name=\"description\" content=\"Servicios esot\u00e9ricos en Parla: lectura de tarot, reiki, canalizaciones, limpiezas energ\u00e9ticas y rituales personalizados en Aura Divina.\" \/>\n<meta name=\"robots\" content=\"index, follow, max-snippet:-1, max-image-preview:large, max-video-preview:-1\" \/>\n<link rel=\"canonical\" href=\"https:\/\/auradivina.es\/en\/servicios-esotericos\/\" \/>\n<meta property=\"og:locale\" content=\"en_US\" \/>\n<meta property=\"og:type\" content=\"article\" \/>\n<meta property=\"og:title\" content=\"Servicios Esot\u00e9ricos en Parla - Aura Divina\" \/>\n<meta property=\"og:description\" content=\"Servicios esot\u00e9ricos en Parla: lectura de tarot, reiki, canalizaciones, limpiezas energ\u00e9ticas y rituales personalizados en Aura Divina.\" \/>\n<meta property=\"og:url\" content=\"https:\/\/auradivina.es\/en\/servicios-esotericos\/\" \/>\n<meta property=\"og:site_name\" content=\"Aura Divina\" \/>\n<meta property=\"article:modified_time\" content=\"2025-03-12T15:54:31+00:00\" \/>\n<meta property=\"og:image\" content=\"https:\/\/auradivina.es\/wp-content\/uploads\/2024\/09\/image-44.webp\" \/>\n\t<meta property=\"og:image:width\" content=\"600\" \/>\n\t<meta property=\"og:image:height\" content=\"600\" \/>\n\t<meta property=\"og:image:type\" content=\"image\/webp\" \/>\n<meta name=\"twitter:card\" content=\"summary_large_image\" \/>\n<meta name=\"twitter:label1\" content=\"Est. reading time\" \/>\n\t<meta name=\"twitter:data1\" content=\"1 minute\" \/>\n<script type=\"application\/ld+json\" class=\"yoast-schema-graph\">{\"@context\":\"https:\\\/\\\/schema.org\",\"@graph\":[{\"@type\":\"WebPage\",\"@id\":\"https:\\\/\\\/auradivina.es\\\/servicios-esotericos\\\/\",\"url\":\"https:\\\/\\\/auradivina.es\\\/servicios-esotericos\\\/\",\"name\":\"Servicios Esot\u00e9ricos en Parla - Aura Divina\",\"isPartOf\":{\"@id\":\"https:\\\/\\\/auradivina.es\\\/#website\"},\"primaryImageOfPage\":{\"@id\":\"https:\\\/\\\/auradivina.es\\\/servicios-esotericos\\\/#primaryimage\"},\"image\":{\"@id\":\"https:\\\/\\\/auradivina.es\\\/servicios-esotericos\\\/#primaryimage\"},\"thumbnailUrl\":\"https:\\\/\\\/auradivina.es\\\/wp-content\\\/uploads\\\/2024\\\/09\\\/image-44.webp\",\"datePublished\":\"2024-09-17T20:41:40+00:00\",\"dateModified\":\"2025-03-12T15:54:31+00:00\",\"description\":\"Servicios esot\u00e9ricos en Parla: lectura de tarot, reiki, canalizaciones, limpiezas energ\u00e9ticas y rituales personalizados en Aura Divina.\",\"breadcrumb\":{\"@id\":\"https:\\\/\\\/auradivina.es\\\/servicios-esotericos\\\/#breadcrumb\"},\"inLanguage\":\"en-US\",\"potentialAction\":[{\"@type\":\"ReadAction\",\"target\":[\"https:\\\/\\\/auradivina.es\\\/servicios-esotericos\\\/\"]}]},{\"@type\":\"ImageObject\",\"inLanguage\":\"en-US\",\"@id\":\"https:\\\/\\\/auradivina.es\\\/servicios-esotericos\\\/#primaryimage\",\"url\":\"https:\\\/\\\/auradivina.es\\\/wp-content\\\/uploads\\\/2024\\\/09\\\/image-44.webp\",\"contentUrl\":\"https:\\\/\\\/auradivina.es\\\/wp-content\\\/uploads\\\/2024\\\/09\\\/image-44.webp\",\"width\":600,\"height\":600,\"caption\":\"servicios esot\u00e9ricos\"},{\"@type\":\"BreadcrumbList\",\"@id\":\"https:\\\/\\\/auradivina.es\\\/servicios-esotericos\\\/#breadcrumb\",\"itemListElement\":[{\"@type\":\"ListItem\",\"position\":1,\"name\":\"Portada\",\"item\":\"https:\\\/\\\/auradivina.es\\\/\"},{\"@type\":\"ListItem\",\"position\":2,\"name\":\"Servicios Esot\u00e9ricos\"}]},{\"@type\":\"WebSite\",\"@id\":\"https:\\\/\\\/auradivina.es\\\/#website\",\"url\":\"https:\\\/\\\/auradivina.es\\\/\",\"name\":\"Aura Divina\",\"description\":\"\",\"publisher\":{\"@id\":\"https:\\\/\\\/auradivina.es\\\/#organization\"},\"potentialAction\":[{\"@type\":\"SearchAction\",\"target\":{\"@type\":\"EntryPoint\",\"urlTemplate\":\"https:\\\/\\\/auradivina.es\\\/?s={search_term_string}\"},\"query-input\":{\"@type\":\"PropertyValueSpecification\",\"valueRequired\":true,\"valueName\":\"search_term_string\"}}],\"inLanguage\":\"en-US\"},{\"@type\":\"Organization\",\"@id\":\"https:\\\/\\\/auradivina.es\\\/#organization\",\"name\":\"Aura Divina\",\"url\":\"https:\\\/\\\/auradivina.es\\\/\",\"logo\":{\"@type\":\"ImageObject\",\"inLanguage\":\"en-US\",\"@id\":\"https:\\\/\\\/auradivina.es\\\/#\\\/schema\\\/logo\\\/image\\\/\",\"url\":\"https:\\\/\\\/auradivina.es\\\/wp-content\\\/uploads\\\/2024\\\/09\\\/Sin-titulo-1.png\",\"contentUrl\":\"https:\\\/\\\/auradivina.es\\\/wp-content\\\/uploads\\\/2024\\\/09\\\/Sin-titulo-1.png\",\"width\":873,\"height\":225,\"caption\":\"Aura Divina\"},\"image\":{\"@id\":\"https:\\\/\\\/auradivina.es\\\/#\\\/schema\\\/logo\\\/image\\\/\"},\"sameAs\":[\"https:\\\/\\\/www.instagram.com\\\/zulemagic\",\"https:\\\/\\\/www.tiktok.com\\\/@zulemagic\"]}]}<\/script>\n<!-- \/ Yoast SEO plugin. -->","yoast_head_json":{"title":"Servicios Esot\u00e9ricos en Parla - Aura Divina","description":"Servicios esot\u00e9ricos en Parla: lectura de tarot, reiki, canalizaciones, limpiezas energ\u00e9ticas y rituales personalizados en Aura Divina.","robots":{"index":"index","follow":"follow","max-snippet":"max-snippet:-1","max-image-preview":"max-image-preview:large","max-video-preview":"max-video-preview:-1"},"canonical":"https:\/\/auradivina.es\/en\/servicios-esotericos\/","og_locale":"en_US","og_type":"article","og_title":"Servicios Esot\u00e9ricos en Parla - Aura Divina","og_description":"Servicios esot\u00e9ricos en Parla: lectura de tarot, reiki, canalizaciones, limpiezas energ\u00e9ticas y rituales personalizados en Aura Divina.","og_url":"https:\/\/auradivina.es\/en\/servicios-esotericos\/","og_site_name":"Aura Divina","article_modified_time":"2025-03-12T15:54:31+00:00","og_image":[{"width":600,"height":600,"url":"https:\/\/auradivina.es\/wp-content\/uploads\/2024\/09\/image-44.webp","type":"image\/webp"}],"twitter_card":"summary_large_image","twitter_misc":{"Est. reading time":"1 minute"},"schema":{"@context":"https:\/\/schema.org","@graph":[{"@type":"WebPage","@id":"https:\/\/auradivina.es\/servicios-esotericos\/","url":"https:\/\/auradivina.es\/servicios-esotericos\/","name":"Servicios Esot\u00e9ricos en Parla - Aura Divina","isPartOf":{"@id":"https:\/\/auradivina.es\/#website"},"primaryImageOfPage":{"@id":"https:\/\/auradivina.es\/servicios-esotericos\/#primaryimage"},"image":{"@id":"https:\/\/auradivina.es\/servicios-esotericos\/#primaryimage"},"thumbnailUrl":"https:\/\/auradivina.es\/wp-content\/uploads\/2024\/09\/image-44.webp","datePublished":"2024-09-17T20:41:40+00:00","dateModified":"2025-03-12T15:54:31+00:00","description":"Servicios esot\u00e9ricos en Parla: lectura de tarot, reiki, canalizaciones, limpiezas energ\u00e9ticas y rituales personalizados en Aura Divina.","breadcrumb":{"@id":"https:\/\/auradivina.es\/servicios-esotericos\/#breadcrumb"},"inLanguage":"en-US","potentialAction":[{"@type":"ReadAction","target":["https:\/\/auradivina.es\/servicios-esotericos\/"]}]},{"@type":"ImageObject","inLanguage":"en-US","@id":"https:\/\/auradivina.es\/servicios-esotericos\/#primaryimage","url":"https:\/\/auradivina.es\/wp-content\/uploads\/2024\/09\/image-44.webp","contentUrl":"https:\/\/auradivina.es\/wp-content\/uploads\/2024\/09\/image-44.webp","width":600,"height":600,"caption":"servicios esot\u00e9ricos"},{"@type":"BreadcrumbList","@id":"https:\/\/auradivina.es\/servicios-esotericos\/#breadcrumb","itemListElement":[{"@type":"ListItem","position":1,"name":"Portada","item":"https:\/\/auradivina.es\/"},{"@type":"ListItem","position":2,"name":"Servicios Esot\u00e9ricos"}]},{"@type":"WebSite","@id":"https:\/\/auradivina.es\/#website","url":"https:\/\/auradivina.es\/","name":"Aura Divine","description":"","publisher":{"@id":"https:\/\/auradivina.es\/#organization"},"potentialAction":[{"@type":"SearchAction","target":{"@type":"EntryPoint","urlTemplate":"https:\/\/auradivina.es\/?s={search_term_string}"},"query-input":{"@type":"PropertyValueSpecification","valueRequired":true,"valueName":"search_term_string"}}],"inLanguage":"en-US"},{"@type":"Organization","@id":"https:\/\/auradivina.es\/#organization","name":"Aura Divine","url":"https:\/\/auradivina.es\/","logo":{"@type":"ImageObject","inLanguage":"en-US","@id":"https:\/\/auradivina.es\/#\/schema\/logo\/image\/","url":"https:\/\/auradivina.es\/wp-content\/uploads\/2024\/09\/Sin-titulo-1.png","contentUrl":"https:\/\/auradivina.es\/wp-content\/uploads\/2024\/09\/Sin-titulo-1.png","width":873,"height":225,"caption":"Aura Divina"},"image":{"@id":"https:\/\/auradivina.es\/#\/schema\/logo\/image\/"},"sameAs":["https:\/\/www.instagram.com\/zulemagic","https:\/\/www.tiktok.com\/@zulemagic"]}]}},"_links":{"self":[{"href":"https:\/\/auradivina.es\/en\/wp-json\/wp\/v2\/pages\/721","targetHints":{"allow":["GET"]}}],"collection":[{"href":"https:\/\/auradivina.es\/en\/wp-json\/wp\/v2\/pages"}],"about":[{"href":"https:\/\/auradivina.es\/en\/wp-json\/wp\/v2\/types\/page"}],"author":[{"embeddable":true,"href":"https:\/\/auradivina.es\/en\/wp-json\/wp\/v2\/users\/1"}],"replies":[{"embeddable":true,"href":"https:\/\/auradivina.es\/en\/wp-json\/wp\/v2\/comments?post=721"}],"version-history":[{"count":128,"href":"https:\/\/auradivina.es\/en\/wp-json\/wp\/v2\/pages\/721\/revisions"}],"predecessor-version":[{"id":1367,"href":"https:\/\/auradivina.es\/en\/wp-json\/wp\/v2\/pages\/721\/revisions\/1367"}],"wp:featuredmedia":[{"embeddable":true,"href":"https:\/\/auradivina.es\/en\/wp-json\/wp\/v2\/media\/1296"}],"wp:attachment":[{"href":"https:\/\/auradivina.es\/en\/wp-json\/wp\/v2\/media?parent=721"}],"curies":[{"name":"wp","href":"https:\/\/api.w.org\/{rel}","templated":true}]}}