{"id":1433,"date":"2024-09-19T22:37:58","date_gmt":"2024-09-19T22:37:58","guid":{"rendered":"https:\/\/auradivina.es\/?post_type=product&#038;p=1433"},"modified":"2025-04-25T15:20:56","modified_gmt":"2025-04-25T16:20:56","slug":"lectura-de-tarot-presencial-en-parla-1-hora-aura-divina","status":"publish","type":"product","link":"https:\/\/auradivina.es\/en\/tienda\/lecturas-de-tarot\/lectura-de-tarot-presencial-en-parla-1-hora-aura-divina\/","title":{"rendered":"Sesi\u00f3n de Tarot Presencial en Parla (1 hora)"},"content":{"rendered":"<p><strong>Lectura de Tarot presencial en Parla 1 hora. Sum\u00e9rgete esta una experiencia \u00fanica de conexi\u00f3n espiritual y autoconocimiento a trav\u00e9s del Tarot.<\/strong> Si prefieres una consulta m\u00e1s personal y profunda, te invito a una <strong>sesi\u00f3n presencial<\/strong> en Parla, Madrid, donde trabajaremos juntos en un espacio lleno de energ\u00eda positiva, ideal para liberar bloqueos y obtener claridad.<\/p>\n<h3>\u00bfQue incluye la lectura de tarot presencial?<\/h3>\n<p>En esta sesi\u00f3n, tendr\u00e1s la oportunidad de disfrutar de una lectura completa e inmersiva de una hora, donde exploraremos todos los aspectos de tu vida. Al estar frente a frente, la energ\u00eda fluye de manera a\u00fan m\u00e1s poderosa, permitiendo una conexi\u00f3n m\u00e1s profunda con las cartas y con el mensaje del Tarot. Juntos, nos adentraremos en tus inquietudes, analizando desde las decisiones m\u00e1s cotidianas hasta los caminos de vida m\u00e1s trascendentales.<\/p>\n<h3>Lectura de Tarot en Parla<\/h3>\n<p>Si est\u00e1s en la zona de Parla, Madrid, o puedes desplazarte, te animo a reservar esta sesi\u00f3n presencial para aprovechar al m\u00e1ximo la gu\u00eda del Tarot en un entorno lleno de luz y armon\u00eda.<strong> Si prefieres tener tu sesi\u00f3n de<em><a href=\"https:\/\/auradivina.es\/en\/tienda\/lecturas-de-tarot\/sesion-de-tarot-1-hora-por-llamada-videollamada\/\"> tarot online<\/a> <\/em>Agenda tu consulta ahora <\/strong>y deja que el Tarot te muestre el camino hacia una vida m\u00e1s plena, consciente y alineada con tu verdadero ser.<\/p>\n<p class=\"\" data-start=\"995\" data-end=\"1302\"><strong data-start=\"995\" data-end=\"1035\">\u00bfQu\u00e9 incluye esta sesi\u00f3n presencial?<\/strong>\u2013 Interpretaci\u00f3n profunda del tarot con enfoque espiritual.<br data-start=\"1097\" data-end=\"1100\" \/>\u2013 Lectura energ\u00e9tica del aura y canalizaci\u00f3n con gu\u00edas.<br data-start=\"1155\" data-end=\"1158\" \/>\u2013 Posibilidad de integrar limpiezas energ\u00e9ticas, reiki o sanaci\u00f3n con \u00e1ngeles seg\u00fan el caso.<br data-start=\"1250\" data-end=\"1253\" \/>\u2013 Protecci\u00f3n espiritual durante toda la sesi\u00f3n.<\/p>\n<p class=\"\" data-start=\"1304\" data-end=\"1453\">Si est\u00e1s en Parla o puedes desplazarte, esta es una oportunidad \u00fanica para vivir el tarot desde la cercan\u00eda, el respeto y la sensibilidad espiritual.<\/p>\n<p class=\"\" data-start=\"1455\" data-end=\"1835\">Con\u00f3ceme m\u00e1s a trav\u00e9s de mi <a class=\"\" href=\"https:\/\/www.instagram.com\/zulemagic?utm_source=ig_web_button_share_sheet&amp;igsh=ZDNlZDc0MzIxNw%3D%3D\" target=\"_new\" rel=\"noopener\" data-start=\"1483\" data-end=\"1594\">Instagram<\/a> y descubre otras experiencias transformadoras en nuestros <a class=\"\" href=\"https:\/\/auradivina.es\/en\/servicios-esotericos\/\" target=\"_new\" rel=\"noopener\" data-start=\"1653\" data-end=\"1724\"><strong data-start=\"1654\" data-end=\"1678\">servicios esot\u00e9ricos<\/strong><\/a>, guiados por una <a class=\"\" href=\"https:\/\/auradivina.es\/en\/servicios-esotericos\/\" target=\"_new\" rel=\"noopener\" data-start=\"1742\" data-end=\"1811\"><strong data-start=\"1743\" data-end=\"1765\">tarotista en Parla<\/strong><\/a> con amplia trayectoria.<\/p>","protected":false},"excerpt":{"rendered":"<p>Lectura de Tarot presencial en Parla 1 hora. Sum\u00e9rgete esta una experiencia \u00fanica de conexi\u00f3n espiritual y autoconocimiento a trav\u00e9s del Tarot. Si prefieres una consulta m\u00e1s personal y profunda, te invito a una sesi\u00f3n presencial en Parla, Madrid, donde trabajaremos juntos en un espacio lleno de energ\u00eda positiva, ideal para liberar bloqueos y obtener [&hellip;]<\/p>\n","protected":false},"featured_media":1749,"comment_status":"open","ping_status":"closed","template":"","meta":{"_joinchat":[]},"product_brand":[],"product_cat":[37],"product_tag":[327,325,326,138,139,54,328,156,142,323,329,52,324,330,183,140,141],"class_list":{"0":"post-1433","1":"product","2":"type-product","3":"status-publish","4":"has-post-thumbnail","6":"product_cat-lecturas-de-tarot","7":"product_tag-canalizacion-con-guias-espirituales","8":"product_tag-consulta-espiritual-presencial","9":"product_tag-lectura-de-aura","10":"product_tag-lectura-de-tarot-en-parla","11":"product_tag-lectura-de-tarot-presencial","12":"product_tag-reiki-en-parla","13":"product_tag-sanacion-energetica-presencial","14":"product_tag-servicios-esotericos-parla","15":"product_tag-sesion-de-tarot","16":"product_tag-sesion-de-tarot-en-toledo","17":"product_tag-tarot-con-angeles","18":"product_tag-tarot-en-parla","19":"product_tag-tarot-en-sesena","20":"product_tag-tarot-madrid-sur","21":"product_tag-tarotista-en-parla","22":"product_tag-tirada-de-tarot","23":"product_tag-tirada-de-tarot-en-parla","25":"first","26":"instock","27":"shipping-taxable","28":"purchasable","29":"product-type-simple"},"yoast_head":"<!-- This site is optimized with the Yoast SEO plugin v27.3 - https:\/\/yoast.com\/product\/yoast-seo-wordpress\/ -->\n<title>Lectura de Tarot Presencial en Parla - Aura Divina<\/title>\n<meta name=\"description\" content=\"Lectura de Tarot presencial en Parla 1 hora. Con\u00e9ctate con un tarotista experto y obten claridad sobre tus dudas. Reserva tu sesi\u00f3n hoy en Aura Divina.\" \/>\n<meta name=\"robots\" content=\"index, follow, max-snippet:-1, max-image-preview:large, max-video-preview:-1\" \/>\n<link rel=\"canonical\" href=\"https:\/\/auradivina.es\/en\/tienda\/lecturas-de-tarot\/lectura-de-tarot-presencial-en-parla-1-hora-aura-divina\/\" \/>\n<meta property=\"og:locale\" content=\"en_US\" \/>\n<meta property=\"og:type\" content=\"article\" \/>\n<meta property=\"og:title\" content=\"Lectura de Tarot Presencial en Parla - Aura Divina\" \/>\n<meta property=\"og:description\" content=\"Lectura de Tarot presencial en Parla 1 hora. Con\u00e9ctate con un tarotista experto y obten claridad sobre tus dudas. Reserva tu sesi\u00f3n hoy en Aura Divina.\" \/>\n<meta property=\"og:url\" content=\"https:\/\/auradivina.es\/en\/tienda\/lecturas-de-tarot\/lectura-de-tarot-presencial-en-parla-1-hora-aura-divina\/\" \/>\n<meta property=\"og:site_name\" content=\"Aura Divina\" \/>\n<meta property=\"article:modified_time\" content=\"2025-04-25T16:20:56+00:00\" \/>\n<meta property=\"og:image\" content=\"https:\/\/auradivina.es\/wp-content\/uploads\/2024\/09\/unnamed-file.jpg\" \/>\n\t<meta property=\"og:image:width\" content=\"368\" \/>\n\t<meta property=\"og:image:height\" content=\"600\" \/>\n\t<meta property=\"og:image:type\" content=\"image\/jpeg\" \/>\n<meta name=\"twitter:card\" content=\"summary_large_image\" \/>\n<meta name=\"twitter:label1\" content=\"Est. reading time\" \/>\n\t<meta name=\"twitter:data1\" content=\"2 minutes\" \/>\n<script type=\"application\/ld+json\" class=\"yoast-schema-graph\">{\"@context\":\"https:\\\/\\\/schema.org\",\"@graph\":[{\"@type\":\"WebPage\",\"@id\":\"https:\\\/\\\/auradivina.es\\\/tienda\\\/lecturas-de-tarot\\\/lectura-de-tarot-presencial-en-parla-1-hora-aura-divina\\\/\",\"url\":\"https:\\\/\\\/auradivina.es\\\/tienda\\\/lecturas-de-tarot\\\/lectura-de-tarot-presencial-en-parla-1-hora-aura-divina\\\/\",\"name\":\"Lectura de Tarot Presencial en Parla - Aura Divina\",\"isPartOf\":{\"@id\":\"https:\\\/\\\/auradivina.es\\\/#website\"},\"primaryImageOfPage\":{\"@id\":\"https:\\\/\\\/auradivina.es\\\/tienda\\\/lecturas-de-tarot\\\/lectura-de-tarot-presencial-en-parla-1-hora-aura-divina\\\/#primaryimage\"},\"image\":{\"@id\":\"https:\\\/\\\/auradivina.es\\\/tienda\\\/lecturas-de-tarot\\\/lectura-de-tarot-presencial-en-parla-1-hora-aura-divina\\\/#primaryimage\"},\"thumbnailUrl\":\"https:\\\/\\\/auradivina.es\\\/wp-content\\\/uploads\\\/2024\\\/09\\\/unnamed-file.jpg\",\"datePublished\":\"2024-09-19T22:37:58+00:00\",\"dateModified\":\"2025-04-25T16:20:56+00:00\",\"description\":\"Lectura de Tarot presencial en Parla 1 hora. Con\u00e9ctate con un tarotista experto y obten claridad sobre tus dudas. Reserva tu sesi\u00f3n hoy en Aura Divina.\",\"breadcrumb\":{\"@id\":\"https:\\\/\\\/auradivina.es\\\/tienda\\\/lecturas-de-tarot\\\/lectura-de-tarot-presencial-en-parla-1-hora-aura-divina\\\/#breadcrumb\"},\"inLanguage\":\"en-US\",\"potentialAction\":[{\"@type\":\"ReadAction\",\"target\":[\"https:\\\/\\\/auradivina.es\\\/tienda\\\/lecturas-de-tarot\\\/lectura-de-tarot-presencial-en-parla-1-hora-aura-divina\\\/\"]}]},{\"@type\":\"ImageObject\",\"inLanguage\":\"en-US\",\"@id\":\"https:\\\/\\\/auradivina.es\\\/tienda\\\/lecturas-de-tarot\\\/lectura-de-tarot-presencial-en-parla-1-hora-aura-divina\\\/#primaryimage\",\"url\":\"https:\\\/\\\/auradivina.es\\\/wp-content\\\/uploads\\\/2024\\\/09\\\/unnamed-file.jpg\",\"contentUrl\":\"https:\\\/\\\/auradivina.es\\\/wp-content\\\/uploads\\\/2024\\\/09\\\/unnamed-file.jpg\",\"width\":368,\"height\":600,\"caption\":\"Lectura de Tarot presencial en Parla\"},{\"@type\":\"BreadcrumbList\",\"@id\":\"https:\\\/\\\/auradivina.es\\\/tienda\\\/lecturas-de-tarot\\\/lectura-de-tarot-presencial-en-parla-1-hora-aura-divina\\\/#breadcrumb\",\"itemListElement\":[{\"@type\":\"ListItem\",\"position\":1,\"name\":\"Portada\",\"item\":\"https:\\\/\\\/auradivina.es\\\/\"},{\"@type\":\"ListItem\",\"position\":2,\"name\":\"Productos\",\"item\":\"https:\\\/\\\/auradivina.es\\\/servicios-esotericos\\\/\"},{\"@type\":\"ListItem\",\"position\":3,\"name\":\"Sesi\u00f3n de Tarot Presencial en Parla (1 hora)\"}]},{\"@type\":\"WebSite\",\"@id\":\"https:\\\/\\\/auradivina.es\\\/#website\",\"url\":\"https:\\\/\\\/auradivina.es\\\/\",\"name\":\"Aura Divina\",\"description\":\"\",\"publisher\":{\"@id\":\"https:\\\/\\\/auradivina.es\\\/#organization\"},\"potentialAction\":[{\"@type\":\"SearchAction\",\"target\":{\"@type\":\"EntryPoint\",\"urlTemplate\":\"https:\\\/\\\/auradivina.es\\\/?s={search_term_string}\"},\"query-input\":{\"@type\":\"PropertyValueSpecification\",\"valueRequired\":true,\"valueName\":\"search_term_string\"}}],\"inLanguage\":\"en-US\"},{\"@type\":\"Organization\",\"@id\":\"https:\\\/\\\/auradivina.es\\\/#organization\",\"name\":\"Aura Divina\",\"url\":\"https:\\\/\\\/auradivina.es\\\/\",\"logo\":{\"@type\":\"ImageObject\",\"inLanguage\":\"en-US\",\"@id\":\"https:\\\/\\\/auradivina.es\\\/#\\\/schema\\\/logo\\\/image\\\/\",\"url\":\"https:\\\/\\\/auradivina.es\\\/wp-content\\\/uploads\\\/2024\\\/09\\\/Sin-titulo-1.png\",\"contentUrl\":\"https:\\\/\\\/auradivina.es\\\/wp-content\\\/uploads\\\/2024\\\/09\\\/Sin-titulo-1.png\",\"width\":873,\"height\":225,\"caption\":\"Aura Divina\"},\"image\":{\"@id\":\"https:\\\/\\\/auradivina.es\\\/#\\\/schema\\\/logo\\\/image\\\/\"},\"sameAs\":[\"https:\\\/\\\/www.instagram.com\\\/zulemagic\",\"https:\\\/\\\/www.tiktok.com\\\/@zulemagic\"]}]}<\/script>\n<!-- \/ Yoast SEO plugin. -->","yoast_head_json":{"title":"Lectura de Tarot Presencial en Parla - Aura Divina","description":"Lectura de Tarot presencial en Parla 1 hora. Con\u00e9ctate con un tarotista experto y obten claridad sobre tus dudas. Reserva tu sesi\u00f3n hoy en Aura Divina.","robots":{"index":"index","follow":"follow","max-snippet":"max-snippet:-1","max-image-preview":"max-image-preview:large","max-video-preview":"max-video-preview:-1"},"canonical":"https:\/\/auradivina.es\/en\/tienda\/lecturas-de-tarot\/lectura-de-tarot-presencial-en-parla-1-hora-aura-divina\/","og_locale":"en_US","og_type":"article","og_title":"Lectura de Tarot Presencial en Parla - Aura Divina","og_description":"Lectura de Tarot presencial en Parla 1 hora. Con\u00e9ctate con un tarotista experto y obten claridad sobre tus dudas. Reserva tu sesi\u00f3n hoy en Aura Divina.","og_url":"https:\/\/auradivina.es\/en\/tienda\/lecturas-de-tarot\/lectura-de-tarot-presencial-en-parla-1-hora-aura-divina\/","og_site_name":"Aura Divina","article_modified_time":"2025-04-25T16:20:56+00:00","og_image":[{"width":368,"height":600,"url":"https:\/\/auradivina.es\/wp-content\/uploads\/2024\/09\/unnamed-file.jpg","type":"image\/jpeg"}],"twitter_card":"summary_large_image","twitter_misc":{"Est. reading time":"2 minutes"},"schema":{"@context":"https:\/\/schema.org","@graph":[{"@type":"WebPage","@id":"https:\/\/auradivina.es\/tienda\/lecturas-de-tarot\/lectura-de-tarot-presencial-en-parla-1-hora-aura-divina\/","url":"https:\/\/auradivina.es\/tienda\/lecturas-de-tarot\/lectura-de-tarot-presencial-en-parla-1-hora-aura-divina\/","name":"Lectura de Tarot Presencial en Parla - Aura Divina","isPartOf":{"@id":"https:\/\/auradivina.es\/#website"},"primaryImageOfPage":{"@id":"https:\/\/auradivina.es\/tienda\/lecturas-de-tarot\/lectura-de-tarot-presencial-en-parla-1-hora-aura-divina\/#primaryimage"},"image":{"@id":"https:\/\/auradivina.es\/tienda\/lecturas-de-tarot\/lectura-de-tarot-presencial-en-parla-1-hora-aura-divina\/#primaryimage"},"thumbnailUrl":"https:\/\/auradivina.es\/wp-content\/uploads\/2024\/09\/unnamed-file.jpg","datePublished":"2024-09-19T22:37:58+00:00","dateModified":"2025-04-25T16:20:56+00:00","description":"Lectura de Tarot presencial en Parla 1 hora. Con\u00e9ctate con un tarotista experto y obten claridad sobre tus dudas. Reserva tu sesi\u00f3n hoy en Aura Divina.","breadcrumb":{"@id":"https:\/\/auradivina.es\/tienda\/lecturas-de-tarot\/lectura-de-tarot-presencial-en-parla-1-hora-aura-divina\/#breadcrumb"},"inLanguage":"en-US","potentialAction":[{"@type":"ReadAction","target":["https:\/\/auradivina.es\/tienda\/lecturas-de-tarot\/lectura-de-tarot-presencial-en-parla-1-hora-aura-divina\/"]}]},{"@type":"ImageObject","inLanguage":"en-US","@id":"https:\/\/auradivina.es\/tienda\/lecturas-de-tarot\/lectura-de-tarot-presencial-en-parla-1-hora-aura-divina\/#primaryimage","url":"https:\/\/auradivina.es\/wp-content\/uploads\/2024\/09\/unnamed-file.jpg","contentUrl":"https:\/\/auradivina.es\/wp-content\/uploads\/2024\/09\/unnamed-file.jpg","width":368,"height":600,"caption":"Lectura de Tarot presencial en Parla"},{"@type":"BreadcrumbList","@id":"https:\/\/auradivina.es\/tienda\/lecturas-de-tarot\/lectura-de-tarot-presencial-en-parla-1-hora-aura-divina\/#breadcrumb","itemListElement":[{"@type":"ListItem","position":1,"name":"Portada","item":"https:\/\/auradivina.es\/"},{"@type":"ListItem","position":2,"name":"Productos","item":"https:\/\/auradivina.es\/servicios-esotericos\/"},{"@type":"ListItem","position":3,"name":"Sesi\u00f3n de Tarot Presencial en Parla (1 hora)"}]},{"@type":"WebSite","@id":"https:\/\/auradivina.es\/#website","url":"https:\/\/auradivina.es\/","name":"Aura Divine","description":"","publisher":{"@id":"https:\/\/auradivina.es\/#organization"},"potentialAction":[{"@type":"SearchAction","target":{"@type":"EntryPoint","urlTemplate":"https:\/\/auradivina.es\/?s={search_term_string}"},"query-input":{"@type":"PropertyValueSpecification","valueRequired":true,"valueName":"search_term_string"}}],"inLanguage":"en-US"},{"@type":"Organization","@id":"https:\/\/auradivina.es\/#organization","name":"Aura Divine","url":"https:\/\/auradivina.es\/","logo":{"@type":"ImageObject","inLanguage":"en-US","@id":"https:\/\/auradivina.es\/#\/schema\/logo\/image\/","url":"https:\/\/auradivina.es\/wp-content\/uploads\/2024\/09\/Sin-titulo-1.png","contentUrl":"https:\/\/auradivina.es\/wp-content\/uploads\/2024\/09\/Sin-titulo-1.png","width":873,"height":225,"caption":"Aura Divina"},"image":{"@id":"https:\/\/auradivina.es\/#\/schema\/logo\/image\/"},"sameAs":["https:\/\/www.instagram.com\/zulemagic","https:\/\/www.tiktok.com\/@zulemagic"]}]}},"_links":{"self":[{"href":"https:\/\/auradivina.es\/en\/wp-json\/wp\/v2\/product\/1433","targetHints":{"allow":["GET"]}}],"collection":[{"href":"https:\/\/auradivina.es\/en\/wp-json\/wp\/v2\/product"}],"about":[{"href":"https:\/\/auradivina.es\/en\/wp-json\/wp\/v2\/types\/product"}],"replies":[{"embeddable":true,"href":"https:\/\/auradivina.es\/en\/wp-json\/wp\/v2\/comments?post=1433"}],"wp:featuredmedia":[{"embeddable":true,"href":"https:\/\/auradivina.es\/en\/wp-json\/wp\/v2\/media\/1749"}],"wp:attachment":[{"href":"https:\/\/auradivina.es\/en\/wp-json\/wp\/v2\/media?parent=1433"}],"wp:term":[{"taxonomy":"product_brand","embeddable":true,"href":"https:\/\/auradivina.es\/en\/wp-json\/wp\/v2\/product_brand?post=1433"},{"taxonomy":"product_cat","embeddable":true,"href":"https:\/\/auradivina.es\/en\/wp-json\/wp\/v2\/product_cat?post=1433"},{"taxonomy":"product_tag","embeddable":true,"href":"https:\/\/auradivina.es\/en\/wp-json\/wp\/v2\/product_tag?post=1433"}],"curies":[{"name":"wp","href":"https:\/\/api.w.org\/{rel}","templated":true}]}}