{"id":1434,"date":"2024-09-19T22:38:24","date_gmt":"2024-09-19T22:38:24","guid":{"rendered":"https:\/\/auradivina.es\/?post_type=product&#038;p=1434"},"modified":"2025-04-25T15:04:07","modified_gmt":"2025-04-25T16:04:07","slug":"sesion-de-tarot-1-hora-por-llamada-videollamada","status":"publish","type":"product","link":"https:\/\/auradivina.es\/en\/tienda\/lecturas-de-tarot\/sesion-de-tarot-1-hora-por-llamada-videollamada\/","title":{"rendered":"Lectura de Tarot (1 hora) por llamada o videollamada"},"content":{"rendered":"<p class=\"\" data-start=\"239\" data-end=\"612\">La <strong data-start=\"242\" data-end=\"301\">lectura de tarot de una hora por llamada o videollamada<\/strong> es la opci\u00f3n m\u00e1s completa si buscas una sesi\u00f3n profunda, personalizada y transformadora. Ideal para quienes est\u00e1n atravesando momentos de cambio, duda o b\u00fasqueda de gu\u00eda espiritual, esta sesi\u00f3n te permitir\u00e1 explorar con calma distintas \u00e1reas de tu vida y recibir respuestas claras y detalladas a tus preguntas.<\/p>\n<p class=\"\" data-start=\"614\" data-end=\"910\">Durante esta lectura amplia, trabajaremos en tus preocupaciones actuales, potenciales bloqueos, y las oportunidades que el universo tiene para ti. Tendr\u00e1s tiempo suficiente para abordar temas complejos, profundizar en relaciones, decisiones laborales, procesos emocionales o crecimiento personal.<\/p>\n<p class=\"\" data-start=\"912\" data-end=\"941\"><strong data-start=\"912\" data-end=\"941\">\u00bfQu\u00e9 incluye esta sesi\u00f3n?<\/strong><\/p>\n<ul data-start=\"942\" data-end=\"1296\">\n<li class=\"\" data-start=\"942\" data-end=\"1024\">\n<p class=\"\" data-start=\"944\" data-end=\"1024\">An\u00e1lisis profundo de tu presente, tus caminos futuros y tus energ\u00edas actuales.<\/p>\n<\/li>\n<li class=\"\" data-start=\"1025\" data-end=\"1080\">\n<p class=\"\" data-start=\"1027\" data-end=\"1080\">Posibilidad de abordar m\u00faltiples temas y preguntas.<\/p>\n<\/li>\n<li class=\"\" data-start=\"1081\" data-end=\"1147\">\n<p class=\"\" data-start=\"1083\" data-end=\"1147\">Gu\u00eda espiritual personalizada seg\u00fan lo que las cartas revelen.<\/p>\n<\/li>\n<li class=\"\" data-start=\"1148\" data-end=\"1220\">\n<p class=\"\" data-start=\"1150\" data-end=\"1220\">Herramientas esot\u00e9ricas para comprender y avanzar desde la claridad.<\/p>\n<\/li>\n<li class=\"\" data-start=\"1221\" data-end=\"1296\">\n<p class=\"\" data-start=\"1223\" data-end=\"1296\">Opci\u00f3n de combinar esta lectura con una <strong data-start=\"1263\" data-end=\"1282\">sesi\u00f3n de Reiki<\/strong> en promoci\u00f3n.<\/p>\n<\/li>\n<\/ul>\n<p class=\"\" data-start=\"1298\" data-end=\"1507\">Esta experiencia no solo te ofrece respuestas, sino una visi\u00f3n clara de ti y tu camino. Si deseas una sesi\u00f3n desde cualquier lugar del mundo, esta opci\u00f3n te ofrece comodidad, profundidad y conexi\u00f3n espiritual.<\/p>\n<p class=\"\" data-start=\"1509\" data-end=\"1778\"><strong data-start=\"1509\" data-end=\"1778\">Reserva tu sesi\u00f3n y explora otros <a class=\"\" href=\"https:\/\/auradivina.es\/en\/servicios-esotericos\/\" target=\"_new\" rel=\"noopener\" data-start=\"1545\" data-end=\"1616\">servicios esot\u00e9ricos<\/a> guiados por una <a class=\"\" href=\"https:\/\/auradivina.es\/en\/servicios-esotericos\/\" target=\"_new\" rel=\"noopener\" data-start=\"1633\" data-end=\"1702\">tarotista en Parla<\/a> con m\u00e1s de 10 a\u00f1os de experiencia acompa\u00f1ando procesos de transformaci\u00f3n.<\/strong><\/p>","protected":false},"excerpt":{"rendered":"<p>La lectura de tarot de una hora por llamada o videollamada es la opci\u00f3n m\u00e1s completa si buscas una sesi\u00f3n profunda, personalizada y transformadora. Ideal para quienes est\u00e1n atravesando momentos de cambio, duda o b\u00fasqueda de gu\u00eda espiritual, esta sesi\u00f3n te permitir\u00e1 explorar con calma distintas \u00e1reas de tu vida y recibir respuestas claras y [&hellip;]<\/p>\n","protected":false},"featured_media":1745,"comment_status":"open","ping_status":"closed","template":"","meta":{"_joinchat":[]},"product_brand":[],"product_cat":[37],"product_tag":[230,229,231,225,156,227,232,228,52,233,226,183],"class_list":{"0":"post-1434","1":"product","2":"type-product","3":"status-publish","4":"has-post-thumbnail","6":"product_cat-lecturas-de-tarot","7":"product_tag-consulta-de-tarot-completa","8":"product_tag-guia-espiritual-online","9":"product_tag-lectura-de-cartas-a-distancia","10":"product_tag-lectura-de-tarot-en-linea","11":"product_tag-servicios-esotericos-parla","12":"product_tag-sesion-de-tarot-personalizada","13":"product_tag-sesion-espiritual-profunda","14":"product_tag-tarot-con-reiki","15":"product_tag-tarot-en-parla","16":"product_tag-tarot-para-decisiones-importantes","17":"product_tag-tarot-por-videollamada","18":"product_tag-tarotista-en-parla","20":"first","21":"instock","22":"shipping-taxable","23":"purchasable","24":"product-type-simple"},"yoast_head":"<!-- This site is optimized with the Yoast SEO plugin v27.3 - https:\/\/yoast.com\/product\/yoast-seo-wordpress\/ -->\n<title>Lectura de Tarot (1 hora) por llamada o videollamada - Aura Divina<\/title>\n<meta name=\"description\" content=\"En esta lectura de Tarot 1 hora. podr\u00e1s disfrutar de una sesi\u00f3n tranquila y renovadora a trav\u00e9s de llamada o videollamada para trabajar en los diferentes te\" \/>\n<meta name=\"robots\" content=\"index, follow, max-snippet:-1, max-image-preview:large, max-video-preview:-1\" \/>\n<link rel=\"canonical\" href=\"https:\/\/auradivina.es\/en\/tienda\/lecturas-de-tarot\/sesion-de-tarot-1-hora-por-llamada-videollamada\/\" \/>\n<meta property=\"og:locale\" content=\"en_US\" \/>\n<meta property=\"og:type\" content=\"article\" \/>\n<meta property=\"og:title\" content=\"Lectura de Tarot (1 hora) por llamada o videollamada - Aura Divina\" \/>\n<meta property=\"og:description\" content=\"En esta lectura de Tarot 1 hora. podr\u00e1s disfrutar de una sesi\u00f3n tranquila y renovadora a trav\u00e9s de llamada o videollamada para trabajar en los diferentes te\" \/>\n<meta property=\"og:url\" content=\"https:\/\/auradivina.es\/en\/tienda\/lecturas-de-tarot\/sesion-de-tarot-1-hora-por-llamada-videollamada\/\" \/>\n<meta property=\"og:site_name\" content=\"Aura Divina\" \/>\n<meta property=\"article:modified_time\" content=\"2025-04-25T16:04:07+00:00\" \/>\n<meta property=\"og:image\" content=\"https:\/\/auradivina.es\/wp-content\/uploads\/2024\/09\/Tarot-Card-Reading-photography.jpg\" \/>\n\t<meta property=\"og:image:width\" content=\"736\" \/>\n\t<meta property=\"og:image:height\" content=\"1099\" \/>\n\t<meta property=\"og:image:type\" content=\"image\/jpeg\" \/>\n<meta name=\"twitter:card\" content=\"summary_large_image\" \/>\n<meta name=\"twitter:label1\" content=\"Est. reading time\" \/>\n\t<meta name=\"twitter:data1\" content=\"2 minutes\" \/>\n<script type=\"application\/ld+json\" class=\"yoast-schema-graph\">{\"@context\":\"https:\\\/\\\/schema.org\",\"@graph\":[{\"@type\":\"WebPage\",\"@id\":\"https:\\\/\\\/auradivina.es\\\/tienda\\\/lecturas-de-tarot\\\/sesion-de-tarot-1-hora-por-llamada-videollamada\\\/\",\"url\":\"https:\\\/\\\/auradivina.es\\\/tienda\\\/lecturas-de-tarot\\\/sesion-de-tarot-1-hora-por-llamada-videollamada\\\/\",\"name\":\"Lectura de Tarot (1 hora) por llamada o videollamada - Aura Divina\",\"isPartOf\":{\"@id\":\"https:\\\/\\\/auradivina.es\\\/#website\"},\"primaryImageOfPage\":{\"@id\":\"https:\\\/\\\/auradivina.es\\\/tienda\\\/lecturas-de-tarot\\\/sesion-de-tarot-1-hora-por-llamada-videollamada\\\/#primaryimage\"},\"image\":{\"@id\":\"https:\\\/\\\/auradivina.es\\\/tienda\\\/lecturas-de-tarot\\\/sesion-de-tarot-1-hora-por-llamada-videollamada\\\/#primaryimage\"},\"thumbnailUrl\":\"https:\\\/\\\/auradivina.es\\\/wp-content\\\/uploads\\\/2024\\\/09\\\/Tarot-Card-Reading-photography.jpg\",\"datePublished\":\"2024-09-19T22:38:24+00:00\",\"dateModified\":\"2025-04-25T16:04:07+00:00\",\"description\":\"En esta lectura de Tarot 1 hora. podr\u00e1s disfrutar de una sesi\u00f3n tranquila y renovadora a trav\u00e9s de llamada o videollamada para trabajar en los diferentes te\",\"breadcrumb\":{\"@id\":\"https:\\\/\\\/auradivina.es\\\/tienda\\\/lecturas-de-tarot\\\/sesion-de-tarot-1-hora-por-llamada-videollamada\\\/#breadcrumb\"},\"inLanguage\":\"en-US\",\"potentialAction\":[{\"@type\":\"ReadAction\",\"target\":[\"https:\\\/\\\/auradivina.es\\\/tienda\\\/lecturas-de-tarot\\\/sesion-de-tarot-1-hora-por-llamada-videollamada\\\/\"]}]},{\"@type\":\"ImageObject\",\"inLanguage\":\"en-US\",\"@id\":\"https:\\\/\\\/auradivina.es\\\/tienda\\\/lecturas-de-tarot\\\/sesion-de-tarot-1-hora-por-llamada-videollamada\\\/#primaryimage\",\"url\":\"https:\\\/\\\/auradivina.es\\\/wp-content\\\/uploads\\\/2024\\\/09\\\/Tarot-Card-Reading-photography.jpg\",\"contentUrl\":\"https:\\\/\\\/auradivina.es\\\/wp-content\\\/uploads\\\/2024\\\/09\\\/Tarot-Card-Reading-photography.jpg\",\"width\":736,\"height\":1099,\"caption\":\"Lectura de 1 hora\"},{\"@type\":\"BreadcrumbList\",\"@id\":\"https:\\\/\\\/auradivina.es\\\/tienda\\\/lecturas-de-tarot\\\/sesion-de-tarot-1-hora-por-llamada-videollamada\\\/#breadcrumb\",\"itemListElement\":[{\"@type\":\"ListItem\",\"position\":1,\"name\":\"Portada\",\"item\":\"https:\\\/\\\/auradivina.es\\\/\"},{\"@type\":\"ListItem\",\"position\":2,\"name\":\"Productos\",\"item\":\"https:\\\/\\\/auradivina.es\\\/servicios-esotericos\\\/\"},{\"@type\":\"ListItem\",\"position\":3,\"name\":\"Lectura de Tarot (1 hora) por llamada o videollamada\"}]},{\"@type\":\"WebSite\",\"@id\":\"https:\\\/\\\/auradivina.es\\\/#website\",\"url\":\"https:\\\/\\\/auradivina.es\\\/\",\"name\":\"Aura Divina\",\"description\":\"\",\"publisher\":{\"@id\":\"https:\\\/\\\/auradivina.es\\\/#organization\"},\"potentialAction\":[{\"@type\":\"SearchAction\",\"target\":{\"@type\":\"EntryPoint\",\"urlTemplate\":\"https:\\\/\\\/auradivina.es\\\/?s={search_term_string}\"},\"query-input\":{\"@type\":\"PropertyValueSpecification\",\"valueRequired\":true,\"valueName\":\"search_term_string\"}}],\"inLanguage\":\"en-US\"},{\"@type\":\"Organization\",\"@id\":\"https:\\\/\\\/auradivina.es\\\/#organization\",\"name\":\"Aura Divina\",\"url\":\"https:\\\/\\\/auradivina.es\\\/\",\"logo\":{\"@type\":\"ImageObject\",\"inLanguage\":\"en-US\",\"@id\":\"https:\\\/\\\/auradivina.es\\\/#\\\/schema\\\/logo\\\/image\\\/\",\"url\":\"https:\\\/\\\/auradivina.es\\\/wp-content\\\/uploads\\\/2024\\\/09\\\/Sin-titulo-1.png\",\"contentUrl\":\"https:\\\/\\\/auradivina.es\\\/wp-content\\\/uploads\\\/2024\\\/09\\\/Sin-titulo-1.png\",\"width\":873,\"height\":225,\"caption\":\"Aura Divina\"},\"image\":{\"@id\":\"https:\\\/\\\/auradivina.es\\\/#\\\/schema\\\/logo\\\/image\\\/\"},\"sameAs\":[\"https:\\\/\\\/www.instagram.com\\\/zulemagic\",\"https:\\\/\\\/www.tiktok.com\\\/@zulemagic\"]}]}<\/script>\n<!-- \/ Yoast SEO plugin. -->","yoast_head_json":{"title":"Lectura de Tarot (1 hora) por llamada o videollamada - Aura Divina","description":"En esta lectura de Tarot 1 hora. podr\u00e1s disfrutar de una sesi\u00f3n tranquila y renovadora a trav\u00e9s de llamada o videollamada para trabajar en los diferentes te","robots":{"index":"index","follow":"follow","max-snippet":"max-snippet:-1","max-image-preview":"max-image-preview:large","max-video-preview":"max-video-preview:-1"},"canonical":"https:\/\/auradivina.es\/en\/tienda\/lecturas-de-tarot\/sesion-de-tarot-1-hora-por-llamada-videollamada\/","og_locale":"en_US","og_type":"article","og_title":"Lectura de Tarot (1 hora) por llamada o videollamada - Aura Divina","og_description":"En esta lectura de Tarot 1 hora. podr\u00e1s disfrutar de una sesi\u00f3n tranquila y renovadora a trav\u00e9s de llamada o videollamada para trabajar en los diferentes te","og_url":"https:\/\/auradivina.es\/en\/tienda\/lecturas-de-tarot\/sesion-de-tarot-1-hora-por-llamada-videollamada\/","og_site_name":"Aura Divina","article_modified_time":"2025-04-25T16:04:07+00:00","og_image":[{"width":736,"height":1099,"url":"https:\/\/auradivina.es\/wp-content\/uploads\/2024\/09\/Tarot-Card-Reading-photography.jpg","type":"image\/jpeg"}],"twitter_card":"summary_large_image","twitter_misc":{"Est. reading time":"2 minutes"},"schema":{"@context":"https:\/\/schema.org","@graph":[{"@type":"WebPage","@id":"https:\/\/auradivina.es\/tienda\/lecturas-de-tarot\/sesion-de-tarot-1-hora-por-llamada-videollamada\/","url":"https:\/\/auradivina.es\/tienda\/lecturas-de-tarot\/sesion-de-tarot-1-hora-por-llamada-videollamada\/","name":"Lectura de Tarot (1 hora) por llamada o videollamada - Aura Divina","isPartOf":{"@id":"https:\/\/auradivina.es\/#website"},"primaryImageOfPage":{"@id":"https:\/\/auradivina.es\/tienda\/lecturas-de-tarot\/sesion-de-tarot-1-hora-por-llamada-videollamada\/#primaryimage"},"image":{"@id":"https:\/\/auradivina.es\/tienda\/lecturas-de-tarot\/sesion-de-tarot-1-hora-por-llamada-videollamada\/#primaryimage"},"thumbnailUrl":"https:\/\/auradivina.es\/wp-content\/uploads\/2024\/09\/Tarot-Card-Reading-photography.jpg","datePublished":"2024-09-19T22:38:24+00:00","dateModified":"2025-04-25T16:04:07+00:00","description":"En esta lectura de Tarot 1 hora. podr\u00e1s disfrutar de una sesi\u00f3n tranquila y renovadora a trav\u00e9s de llamada o videollamada para trabajar en los diferentes te","breadcrumb":{"@id":"https:\/\/auradivina.es\/tienda\/lecturas-de-tarot\/sesion-de-tarot-1-hora-por-llamada-videollamada\/#breadcrumb"},"inLanguage":"en-US","potentialAction":[{"@type":"ReadAction","target":["https:\/\/auradivina.es\/tienda\/lecturas-de-tarot\/sesion-de-tarot-1-hora-por-llamada-videollamada\/"]}]},{"@type":"ImageObject","inLanguage":"en-US","@id":"https:\/\/auradivina.es\/tienda\/lecturas-de-tarot\/sesion-de-tarot-1-hora-por-llamada-videollamada\/#primaryimage","url":"https:\/\/auradivina.es\/wp-content\/uploads\/2024\/09\/Tarot-Card-Reading-photography.jpg","contentUrl":"https:\/\/auradivina.es\/wp-content\/uploads\/2024\/09\/Tarot-Card-Reading-photography.jpg","width":736,"height":1099,"caption":"Lectura de 1 hora"},{"@type":"BreadcrumbList","@id":"https:\/\/auradivina.es\/tienda\/lecturas-de-tarot\/sesion-de-tarot-1-hora-por-llamada-videollamada\/#breadcrumb","itemListElement":[{"@type":"ListItem","position":1,"name":"Portada","item":"https:\/\/auradivina.es\/"},{"@type":"ListItem","position":2,"name":"Productos","item":"https:\/\/auradivina.es\/servicios-esotericos\/"},{"@type":"ListItem","position":3,"name":"Lectura de Tarot (1 hora) por llamada o videollamada"}]},{"@type":"WebSite","@id":"https:\/\/auradivina.es\/#website","url":"https:\/\/auradivina.es\/","name":"Aura Divine","description":"","publisher":{"@id":"https:\/\/auradivina.es\/#organization"},"potentialAction":[{"@type":"SearchAction","target":{"@type":"EntryPoint","urlTemplate":"https:\/\/auradivina.es\/?s={search_term_string}"},"query-input":{"@type":"PropertyValueSpecification","valueRequired":true,"valueName":"search_term_string"}}],"inLanguage":"en-US"},{"@type":"Organization","@id":"https:\/\/auradivina.es\/#organization","name":"Aura Divine","url":"https:\/\/auradivina.es\/","logo":{"@type":"ImageObject","inLanguage":"en-US","@id":"https:\/\/auradivina.es\/#\/schema\/logo\/image\/","url":"https:\/\/auradivina.es\/wp-content\/uploads\/2024\/09\/Sin-titulo-1.png","contentUrl":"https:\/\/auradivina.es\/wp-content\/uploads\/2024\/09\/Sin-titulo-1.png","width":873,"height":225,"caption":"Aura Divina"},"image":{"@id":"https:\/\/auradivina.es\/#\/schema\/logo\/image\/"},"sameAs":["https:\/\/www.instagram.com\/zulemagic","https:\/\/www.tiktok.com\/@zulemagic"]}]}},"_links":{"self":[{"href":"https:\/\/auradivina.es\/en\/wp-json\/wp\/v2\/product\/1434","targetHints":{"allow":["GET"]}}],"collection":[{"href":"https:\/\/auradivina.es\/en\/wp-json\/wp\/v2\/product"}],"about":[{"href":"https:\/\/auradivina.es\/en\/wp-json\/wp\/v2\/types\/product"}],"replies":[{"embeddable":true,"href":"https:\/\/auradivina.es\/en\/wp-json\/wp\/v2\/comments?post=1434"}],"wp:featuredmedia":[{"embeddable":true,"href":"https:\/\/auradivina.es\/en\/wp-json\/wp\/v2\/media\/1745"}],"wp:attachment":[{"href":"https:\/\/auradivina.es\/en\/wp-json\/wp\/v2\/media?parent=1434"}],"wp:term":[{"taxonomy":"product_brand","embeddable":true,"href":"https:\/\/auradivina.es\/en\/wp-json\/wp\/v2\/product_brand?post=1434"},{"taxonomy":"product_cat","embeddable":true,"href":"https:\/\/auradivina.es\/en\/wp-json\/wp\/v2\/product_cat?post=1434"},{"taxonomy":"product_tag","embeddable":true,"href":"https:\/\/auradivina.es\/en\/wp-json\/wp\/v2\/product_tag?post=1434"}],"curies":[{"name":"wp","href":"https:\/\/api.w.org\/{rel}","templated":true}]}}