{"id":1462,"date":"2024-09-19T23:07:45","date_gmt":"2024-09-19T23:07:45","guid":{"rendered":"https:\/\/auradivina.es\/?post_type=product&#038;p=1462"},"modified":"2025-04-25T15:17:59","modified_gmt":"2025-04-25T16:17:59","slug":"ritual-de-amor","status":"publish","type":"product","link":"https:\/\/auradivina.es\/en\/tienda\/apertura-de-caminos\/ritual-de-amor\/","title":{"rendered":"Ritual de Amor"},"content":{"rendered":"<p>\u2728 Rituales de Amor con Luz y Energ\u00eda Divina \u2728<\/p>\n<p class=\"\" data-start=\"239\" data-end=\"574\">Los <strong data-start=\"243\" data-end=\"263\">rituales de amor<\/strong> que realizo est\u00e1n enfocados en atraer relaciones sanas, fortalecer v\u00ednculos existentes y sanar heridas del pasado desde una energ\u00eda elevada, pura y consciente. No utilizo amarres ni pr\u00e1cticas oscuras: cada ritual est\u00e1 guiado por \u00e1ngeles, arc\u00e1ngeles y seres de luz, respetando el libre albedr\u00edo y el bien mayor.<\/p>\n<p class=\"\" data-start=\"576\" data-end=\"908\">Este servicio es ideal si:<br data-start=\"602\" data-end=\"605\" \/>\u2013 Deseas atraer a tu vida un amor verdadero y rec\u00edproco.<br data-start=\"661\" data-end=\"664\" \/>\u2013 Buscas sanar v\u00ednculos emocionales que a\u00fan te afectan.<br data-start=\"719\" data-end=\"722\" \/>\u2013 Quieres fortalecer tu relaci\u00f3n de pareja y abrir canales de comunicaci\u00f3n y conexi\u00f3n.<br data-start=\"808\" data-end=\"811\" \/>\u2013 Anhelas liberarte de bloqueos sentimentales y abrir caminos hacia una vida amorosa equilibrada.<\/p>\n<p class=\"\" data-start=\"910\" data-end=\"1085\">Trabajaremos con energ\u00eda canalizada, velas, s\u00edmbolos, oraci\u00f3n y elementos personalizados seg\u00fan tu situaci\u00f3n y necesidad. Cada ritual es \u00fanico y adaptado a tu campo energ\u00e9tico.<\/p>\n<p class=\"\" data-start=\"1087\" data-end=\"1413\"><strong data-start=\"1087\" data-end=\"1413\">Reserva tu sesi\u00f3n de ritual de amor y con\u00e9ctate con una nueva vibraci\u00f3n sentimental a trav\u00e9s de nuestros <a class=\"\" href=\"https:\/\/auradivina.es\/en\/servicios-esotericos\/\" target=\"_new\" rel=\"noopener\" data-start=\"1194\" data-end=\"1265\">servicios esot\u00e9ricos<\/a>, guiados por una <a class=\"\" href=\"https:\/\/auradivina.es\/en\/servicios-esotericos\/\" target=\"_new\" rel=\"noopener\" data-start=\"1283\" data-end=\"1352\">tarotista en Parla<\/a> comprometida con la luz, el amor y tu evoluci\u00f3n emocional.<\/strong><\/p>","protected":false},"excerpt":{"rendered":"<p>\u2728 Rituales de Amor con Luz y Energ\u00eda Divina \u2728 Los rituales de amor que realizo est\u00e1n enfocados en atraer relaciones sanas, fortalecer v\u00ednculos existentes y sanar heridas del pasado desde una energ\u00eda elevada, pura y consciente. No utilizo amarres ni pr\u00e1cticas oscuras: cada ritual est\u00e1 guiado por \u00e1ngeles, arc\u00e1ngeles y seres de luz, respetando [&hellip;]<\/p>\n","protected":false},"featured_media":1940,"comment_status":"open","ping_status":"closed","template":"","meta":{"_joinchat":[]},"product_brand":[],"product_cat":[41],"product_tag":[313,318,315,319,321,312,320,316,322,317,314,156,183],"class_list":{"0":"post-1462","1":"product","2":"type-product","3":"status-publish","4":"has-post-thumbnail","6":"product_cat-apertura-de-caminos","7":"product_tag-atraer-amor-verdadero","8":"product_tag-energia-del-amor","9":"product_tag-fortalecer-vinculo-de-pareja","10":"product_tag-guia-espiritual-en-el-amor","11":"product_tag-ritual-amor-sin-amarres","12":"product_tag-ritual-de-amor","13":"product_tag-ritual-de-luz-para-el-amor","14":"product_tag-rituales-con-angeles","15":"product_tag-rituales-energeticos-para-parejas","16":"product_tag-rituales-para-sanar-el-corazon","17":"product_tag-sanar-relaciones-pasadas","18":"product_tag-servicios-esotericos-parla","19":"product_tag-tarotista-en-parla","21":"first","22":"instock","23":"virtual","24":"purchasable","25":"product-type-simple"},"yoast_head":"<!-- This site is optimized with the Yoast SEO plugin v27.3 - https:\/\/yoast.com\/product\/yoast-seo-wordpress\/ -->\n<title>Ritual de Amor - Aura Divina<\/title>\n<meta name=\"description\" content=\"Rituales de amor personalizados con velas, peticiones y la gu\u00eda de \u00e1ngeles y arc\u00e1ngeles. Atrae armon\u00eda y fortalece tu relaci\u00f3n desde la luz. \u00a1Reserva ahora!\" \/>\n<meta name=\"robots\" content=\"index, follow, max-snippet:-1, max-image-preview:large, max-video-preview:-1\" \/>\n<link rel=\"canonical\" href=\"https:\/\/auradivina.es\/en\/tienda\/apertura-de-caminos\/ritual-de-amor\/\" \/>\n<meta property=\"og:locale\" content=\"en_US\" \/>\n<meta property=\"og:type\" content=\"article\" \/>\n<meta property=\"og:title\" content=\"Ritual de Amor - Aura Divina\" \/>\n<meta property=\"og:description\" content=\"Rituales de amor personalizados con velas, peticiones y la gu\u00eda de \u00e1ngeles y arc\u00e1ngeles. Atrae armon\u00eda y fortalece tu relaci\u00f3n desde la luz. \u00a1Reserva ahora!\" \/>\n<meta property=\"og:url\" content=\"https:\/\/auradivina.es\/en\/tienda\/apertura-de-caminos\/ritual-de-amor\/\" \/>\n<meta property=\"og:site_name\" content=\"Aura Divina\" \/>\n<meta property=\"article:modified_time\" content=\"2025-04-25T16:17:59+00:00\" \/>\n<meta property=\"og:image\" content=\"https:\/\/auradivina.es\/wp-content\/uploads\/2024\/09\/IMG_0295.jpeg\" \/>\n\t<meta property=\"og:image:width\" content=\"686\" \/>\n\t<meta property=\"og:image:height\" content=\"1200\" \/>\n\t<meta property=\"og:image:type\" content=\"image\/jpeg\" \/>\n<meta name=\"twitter:card\" content=\"summary_large_image\" \/>\n<meta name=\"twitter:label1\" content=\"Est. reading time\" \/>\n\t<meta name=\"twitter:data1\" content=\"1 minute\" \/>\n<script type=\"application\/ld+json\" class=\"yoast-schema-graph\">{\"@context\":\"https:\\\/\\\/schema.org\",\"@graph\":[{\"@type\":\"WebPage\",\"@id\":\"https:\\\/\\\/auradivina.es\\\/tienda\\\/apertura-de-caminos\\\/ritual-de-amor\\\/\",\"url\":\"https:\\\/\\\/auradivina.es\\\/tienda\\\/apertura-de-caminos\\\/ritual-de-amor\\\/\",\"name\":\"Ritual de Amor - Aura Divina\",\"isPartOf\":{\"@id\":\"https:\\\/\\\/auradivina.es\\\/#website\"},\"primaryImageOfPage\":{\"@id\":\"https:\\\/\\\/auradivina.es\\\/tienda\\\/apertura-de-caminos\\\/ritual-de-amor\\\/#primaryimage\"},\"image\":{\"@id\":\"https:\\\/\\\/auradivina.es\\\/tienda\\\/apertura-de-caminos\\\/ritual-de-amor\\\/#primaryimage\"},\"thumbnailUrl\":\"https:\\\/\\\/auradivina.es\\\/wp-content\\\/uploads\\\/2024\\\/09\\\/IMG_0295.jpeg\",\"datePublished\":\"2024-09-19T23:07:45+00:00\",\"dateModified\":\"2025-04-25T16:17:59+00:00\",\"description\":\"Rituales de amor personalizados con velas, peticiones y la gu\u00eda de \u00e1ngeles y arc\u00e1ngeles. Atrae armon\u00eda y fortalece tu relaci\u00f3n desde la luz. \u00a1Reserva ahora!\",\"breadcrumb\":{\"@id\":\"https:\\\/\\\/auradivina.es\\\/tienda\\\/apertura-de-caminos\\\/ritual-de-amor\\\/#breadcrumb\"},\"inLanguage\":\"en-US\",\"potentialAction\":[{\"@type\":\"ReadAction\",\"target\":[\"https:\\\/\\\/auradivina.es\\\/tienda\\\/apertura-de-caminos\\\/ritual-de-amor\\\/\"]}]},{\"@type\":\"ImageObject\",\"inLanguage\":\"en-US\",\"@id\":\"https:\\\/\\\/auradivina.es\\\/tienda\\\/apertura-de-caminos\\\/ritual-de-amor\\\/#primaryimage\",\"url\":\"https:\\\/\\\/auradivina.es\\\/wp-content\\\/uploads\\\/2024\\\/09\\\/IMG_0295.jpeg\",\"contentUrl\":\"https:\\\/\\\/auradivina.es\\\/wp-content\\\/uploads\\\/2024\\\/09\\\/IMG_0295.jpeg\",\"width\":686,\"height\":1200},{\"@type\":\"BreadcrumbList\",\"@id\":\"https:\\\/\\\/auradivina.es\\\/tienda\\\/apertura-de-caminos\\\/ritual-de-amor\\\/#breadcrumb\",\"itemListElement\":[{\"@type\":\"ListItem\",\"position\":1,\"name\":\"Portada\",\"item\":\"https:\\\/\\\/auradivina.es\\\/\"},{\"@type\":\"ListItem\",\"position\":2,\"name\":\"Productos\",\"item\":\"https:\\\/\\\/auradivina.es\\\/servicios-esotericos\\\/\"},{\"@type\":\"ListItem\",\"position\":3,\"name\":\"Ritual de Amor\"}]},{\"@type\":\"WebSite\",\"@id\":\"https:\\\/\\\/auradivina.es\\\/#website\",\"url\":\"https:\\\/\\\/auradivina.es\\\/\",\"name\":\"Aura Divina\",\"description\":\"\",\"publisher\":{\"@id\":\"https:\\\/\\\/auradivina.es\\\/#organization\"},\"potentialAction\":[{\"@type\":\"SearchAction\",\"target\":{\"@type\":\"EntryPoint\",\"urlTemplate\":\"https:\\\/\\\/auradivina.es\\\/?s={search_term_string}\"},\"query-input\":{\"@type\":\"PropertyValueSpecification\",\"valueRequired\":true,\"valueName\":\"search_term_string\"}}],\"inLanguage\":\"en-US\"},{\"@type\":\"Organization\",\"@id\":\"https:\\\/\\\/auradivina.es\\\/#organization\",\"name\":\"Aura Divina\",\"url\":\"https:\\\/\\\/auradivina.es\\\/\",\"logo\":{\"@type\":\"ImageObject\",\"inLanguage\":\"en-US\",\"@id\":\"https:\\\/\\\/auradivina.es\\\/#\\\/schema\\\/logo\\\/image\\\/\",\"url\":\"https:\\\/\\\/auradivina.es\\\/wp-content\\\/uploads\\\/2024\\\/09\\\/Sin-titulo-1.png\",\"contentUrl\":\"https:\\\/\\\/auradivina.es\\\/wp-content\\\/uploads\\\/2024\\\/09\\\/Sin-titulo-1.png\",\"width\":873,\"height\":225,\"caption\":\"Aura Divina\"},\"image\":{\"@id\":\"https:\\\/\\\/auradivina.es\\\/#\\\/schema\\\/logo\\\/image\\\/\"},\"sameAs\":[\"https:\\\/\\\/www.instagram.com\\\/zulemagic\",\"https:\\\/\\\/www.tiktok.com\\\/@zulemagic\"]}]}<\/script>\n<!-- \/ Yoast SEO plugin. -->","yoast_head_json":{"title":"Ritual de Amor - Aura Divina","description":"Rituales de amor personalizados con velas, peticiones y la gu\u00eda de \u00e1ngeles y arc\u00e1ngeles. Atrae armon\u00eda y fortalece tu relaci\u00f3n desde la luz. \u00a1Reserva ahora!","robots":{"index":"index","follow":"follow","max-snippet":"max-snippet:-1","max-image-preview":"max-image-preview:large","max-video-preview":"max-video-preview:-1"},"canonical":"https:\/\/auradivina.es\/en\/tienda\/apertura-de-caminos\/ritual-de-amor\/","og_locale":"en_US","og_type":"article","og_title":"Ritual de Amor - Aura Divina","og_description":"Rituales de amor personalizados con velas, peticiones y la gu\u00eda de \u00e1ngeles y arc\u00e1ngeles. Atrae armon\u00eda y fortalece tu relaci\u00f3n desde la luz. \u00a1Reserva ahora!","og_url":"https:\/\/auradivina.es\/en\/tienda\/apertura-de-caminos\/ritual-de-amor\/","og_site_name":"Aura Divina","article_modified_time":"2025-04-25T16:17:59+00:00","og_image":[{"width":686,"height":1200,"url":"https:\/\/auradivina.es\/wp-content\/uploads\/2024\/09\/IMG_0295.jpeg","type":"image\/jpeg"}],"twitter_card":"summary_large_image","twitter_misc":{"Est. reading time":"1 minute"},"schema":{"@context":"https:\/\/schema.org","@graph":[{"@type":"WebPage","@id":"https:\/\/auradivina.es\/tienda\/apertura-de-caminos\/ritual-de-amor\/","url":"https:\/\/auradivina.es\/tienda\/apertura-de-caminos\/ritual-de-amor\/","name":"Ritual de Amor - Aura Divina","isPartOf":{"@id":"https:\/\/auradivina.es\/#website"},"primaryImageOfPage":{"@id":"https:\/\/auradivina.es\/tienda\/apertura-de-caminos\/ritual-de-amor\/#primaryimage"},"image":{"@id":"https:\/\/auradivina.es\/tienda\/apertura-de-caminos\/ritual-de-amor\/#primaryimage"},"thumbnailUrl":"https:\/\/auradivina.es\/wp-content\/uploads\/2024\/09\/IMG_0295.jpeg","datePublished":"2024-09-19T23:07:45+00:00","dateModified":"2025-04-25T16:17:59+00:00","description":"Rituales de amor personalizados con velas, peticiones y la gu\u00eda de \u00e1ngeles y arc\u00e1ngeles. Atrae armon\u00eda y fortalece tu relaci\u00f3n desde la luz. \u00a1Reserva ahora!","breadcrumb":{"@id":"https:\/\/auradivina.es\/tienda\/apertura-de-caminos\/ritual-de-amor\/#breadcrumb"},"inLanguage":"en-US","potentialAction":[{"@type":"ReadAction","target":["https:\/\/auradivina.es\/tienda\/apertura-de-caminos\/ritual-de-amor\/"]}]},{"@type":"ImageObject","inLanguage":"en-US","@id":"https:\/\/auradivina.es\/tienda\/apertura-de-caminos\/ritual-de-amor\/#primaryimage","url":"https:\/\/auradivina.es\/wp-content\/uploads\/2024\/09\/IMG_0295.jpeg","contentUrl":"https:\/\/auradivina.es\/wp-content\/uploads\/2024\/09\/IMG_0295.jpeg","width":686,"height":1200},{"@type":"BreadcrumbList","@id":"https:\/\/auradivina.es\/tienda\/apertura-de-caminos\/ritual-de-amor\/#breadcrumb","itemListElement":[{"@type":"ListItem","position":1,"name":"Portada","item":"https:\/\/auradivina.es\/"},{"@type":"ListItem","position":2,"name":"Productos","item":"https:\/\/auradivina.es\/servicios-esotericos\/"},{"@type":"ListItem","position":3,"name":"Ritual de Amor"}]},{"@type":"WebSite","@id":"https:\/\/auradivina.es\/#website","url":"https:\/\/auradivina.es\/","name":"Aura Divine","description":"","publisher":{"@id":"https:\/\/auradivina.es\/#organization"},"potentialAction":[{"@type":"SearchAction","target":{"@type":"EntryPoint","urlTemplate":"https:\/\/auradivina.es\/?s={search_term_string}"},"query-input":{"@type":"PropertyValueSpecification","valueRequired":true,"valueName":"search_term_string"}}],"inLanguage":"en-US"},{"@type":"Organization","@id":"https:\/\/auradivina.es\/#organization","name":"Aura Divine","url":"https:\/\/auradivina.es\/","logo":{"@type":"ImageObject","inLanguage":"en-US","@id":"https:\/\/auradivina.es\/#\/schema\/logo\/image\/","url":"https:\/\/auradivina.es\/wp-content\/uploads\/2024\/09\/Sin-titulo-1.png","contentUrl":"https:\/\/auradivina.es\/wp-content\/uploads\/2024\/09\/Sin-titulo-1.png","width":873,"height":225,"caption":"Aura Divina"},"image":{"@id":"https:\/\/auradivina.es\/#\/schema\/logo\/image\/"},"sameAs":["https:\/\/www.instagram.com\/zulemagic","https:\/\/www.tiktok.com\/@zulemagic"]}]}},"_links":{"self":[{"href":"https:\/\/auradivina.es\/en\/wp-json\/wp\/v2\/product\/1462","targetHints":{"allow":["GET"]}}],"collection":[{"href":"https:\/\/auradivina.es\/en\/wp-json\/wp\/v2\/product"}],"about":[{"href":"https:\/\/auradivina.es\/en\/wp-json\/wp\/v2\/types\/product"}],"replies":[{"embeddable":true,"href":"https:\/\/auradivina.es\/en\/wp-json\/wp\/v2\/comments?post=1462"}],"wp:featuredmedia":[{"embeddable":true,"href":"https:\/\/auradivina.es\/en\/wp-json\/wp\/v2\/media\/1940"}],"wp:attachment":[{"href":"https:\/\/auradivina.es\/en\/wp-json\/wp\/v2\/media?parent=1462"}],"wp:term":[{"taxonomy":"product_brand","embeddable":true,"href":"https:\/\/auradivina.es\/en\/wp-json\/wp\/v2\/product_brand?post=1462"},{"taxonomy":"product_cat","embeddable":true,"href":"https:\/\/auradivina.es\/en\/wp-json\/wp\/v2\/product_cat?post=1462"},{"taxonomy":"product_tag","embeddable":true,"href":"https:\/\/auradivina.es\/en\/wp-json\/wp\/v2\/product_tag?post=1462"}],"curies":[{"name":"wp","href":"https:\/\/api.w.org\/{rel}","templated":true}]}}